{"id":448,"date":"2025-07-16T03:17:56","date_gmt":"2025-07-16T03:17:56","guid":{"rendered":"https:\/\/explorafly.com\/?page_id=448"},"modified":"2025-12-15T12:37:35","modified_gmt":"2025-12-15T12:37:35","slug":"about","status":"publish","type":"page","link":"https:\/\/explorafly.com\/de\/about\/","title":{"rendered":"Um"},"content":{"rendered":"<p><strong><br><\/strong><\/p>\n\n\n\n<p>ExploraFly ist eine unabh\u00e4ngige Plattform, die relevante und aktuelle Informationen zu Besch\u00e4ftigungsm\u00f6glichkeiten und beruflichen Weiterbildungsm\u00f6glichkeiten in Deutschland bereitstellt. Wir m\u00f6chten Menschen mit \u00f6ffentlichen Ressourcen verbinden, die ihre berufliche Entwicklung unterst\u00fctzen, ohne als Personalvermittler, Arbeitgeber oder Weiterbildungsanbieter zu agieren. Alle Inhalte auf unserer Website stammen aus \u00f6ffentlich zug\u00e4nglichen Quellen, wurden sorgf\u00e4ltig ausgew\u00e4hlt und verst\u00e4ndlich pr\u00e4sentiert.<\/p>\n\n\n\n<p>Wir verstehen die praktischen H\u00fcrden, mit denen viele Menschen bei der Arbeitssuche oder der Weiterbildung konfrontiert sind \u2013 insbesondere in einem so strukturierten und regulierten Land wie Deutschland. Unsere Inhalte sind darauf ausgelegt, Verwirrung zu vermeiden, ohne wesentliche Details zu vereinfachen. Wir versprechen keine Ergebnisse oder werben f\u00fcr Dienstleistungen. Wir informieren, begleiten und kl\u00e4ren \u00fcber das, was es bereits gibt.<\/p>\n\n\n\n<p>Neben berufsbezogenen Inhalten ver\u00f6ffentlicht ExploraFly auch Rezensionen und praktische Ratgeber zu Technologie und Spielen \u2013 mit Fokus auf Tools, Plattformen und digitale Erlebnisse, die h\u00e4ufig mit moderner Arbeit, Lernen und dem Alltag verkn\u00fcpft sind. Diese Inhalte folgen denselben redaktionellen Prinzipien: Klarheit, N\u00fctzlichkeit und Unabh\u00e4ngigkeit.<\/p>\n\n\n\n<h2 class=\"wp-block-heading\">Was ExploraFly bietet<\/h2>\n\n\n\n<p>Der deutsche Arbeitsmarkt kann f\u00fcr viele \u2013 Einheimische wie Neuank\u00f6mmlinge \u2013 undurchschaubar erscheinen. Die Anforderungen sind oft sehr spezifisch und die Informationen sind \u00fcber Dutzende von Plattformen verstreut. ExploraFly hilft dabei, diese Informationen in ein \u00fcbersichtlicheres Format zu bringen, insbesondere f\u00fcr Nutzer, die diese Prozesse auf Englisch durchlaufen.<\/p>\n\n\n\n<p>Folgendes finden Sie auf unserer Site:<\/p>\n\n\n\n<p><strong>Kuratierte Stellenangebote mit Kontext:<\/strong><\/p>\n\n\n\n<p>Wir beobachten offene Stellen in verschiedenen Branchen, vom Gesundheitswesen und Handwerk bis hin zu Logistik und IT. Jede Stellenanzeige wird auf Relevanz gepr\u00fcft und nach Beruf, Region oder Erfahrungsniveau gruppiert. Wir erkl\u00e4ren au\u00dferdem, wie bestimmte Rollen im deutschen Arbeitsmarkt funktionieren und bieten so einen Kontext, der vielen Stellenanzeigen fehlt.<\/p>\n\n\n\n<p><strong>Detaillierte \u00dcbersichten zu Schulungen und Zertifizierungen:<\/strong><\/p>\n\n\n\n<p>Ob Sie sich f\u00fcr kurze Weiterbildungskurse oder staatlich gef\u00f6rderte Umschulungsprogramme interessieren \u2013 wir erkl\u00e4ren Ihnen, f\u00fcr wen sich die Programme eignen, wie Sie darauf zugreifen und was Sie erwartet. Wir achten besonders auf die Arten von Qualifikationen, die deutsche Arbeitgeber \u00fcblicherweise verlangen.<\/p>\n\n\n\n<p><strong>Leitf\u00e4den zu professionellen Prozessen:<\/strong><\/p>\n\n\n\n<p>Unser Redaktionsteam entwickelt originelle Inhalte zu allen Themen, von der Strukturierung eines Lebenslaufs, der den deutschen Einstellungsstandards entspricht, bis hin zu den Erwartungen bei einem Vorstellungsgespr\u00e4ch oder der Beantragung einer Blauen Karte. Der Fokus liegt stets darauf, den Lesern mit praktischem Wissen weiterzuhelfen.<\/p>\n\n\n\n<p><strong>Technik- und Spiele-Reviews:<\/strong><\/p>\n\n\n\n<p>Wir ver\u00f6ffentlichen unabh\u00e4ngige Testberichte und informative Inhalte zu Technologie und Spielen mit Fokus auf praktische Tipps \u2013 was sich lohnt, wie die Dinge funktionieren und was Sie vor der Nutzung, dem Kauf oder der Investition von Zeit und M\u00fche in ein Tool, eine Plattform oder ein Spielerlebnis beachten sollten. Gegebenenfalls berichten wir auch \u00fcber digitale Produkte und Trends, die Produktivit\u00e4t, Lernen und Unterhaltung f\u00f6rdern.<\/p>\n\n\n\n<p>Wir bewerten, sponsern oder bewerben keine bestimmten Gelegenheiten. Alle Funktionen auf ExploraFly werden nach Relevanz, Klarheit und \u00f6ffentlicher Verf\u00fcgbarkeit ausgew\u00e4hlt.<\/p>\n\n\n\n<h2 class=\"wp-block-heading\">Was wir nicht sind<\/h2>\n\n\n\n<p>Es ist wichtig, zwischen der Funktion als Ressource und der als Anbieter zu unterscheiden. ExploraFly bietet keine Jobs an, verwaltet keine Bewerbungen und fungiert nicht als Arbeitsvermittlung. Wir unterhalten keine Partnerschaften oder kommerziellen Verbindungen zu den auf der Website genannten Unternehmen oder Ausbildungseinrichtungen.<\/p>\n\n\n\n<p>Gleiches gilt f\u00fcr unsere Technologie- und Spieleinhalte: Wir verkaufen keine Produkte, vertreten keine Verlage und akzeptieren keine bezahlten Platzierungen im Austausch f\u00fcr Berichterstattung.<\/p>\n\n\n\n<p>Aus diesem Grund stellen wir die folgenden Punkte klar:<\/p>\n\n\n\n<p><strong>Stellenangebote k\u00f6nnen sich ohne Vorank\u00fcndigung \u00e4ndern oder verschwinden:<\/strong><\/p>\n\n\n\n<p>Alle auf ExploraFly ver\u00f6ffentlichten Stellenangebote stammen von externen Plattformen. Wenn ein Inserat entfernt, besetzt oder ge\u00e4ndert wird, erhalten wir keine Benachrichtigung. Nutzer sollten die Angaben immer \u00fcber die Originalquelle \u00fcberpr\u00fcfen, bevor sie weitere Schritte unternehmen.<\/p>\n\n\n\n<p><strong>Wir nehmen keinen Einfluss auf Einstellungsentscheidungen:<\/strong><\/p>\n\n\n\n<p>Unsere Rolle beschr\u00e4nkt sich auf die Bereitstellung von Informationen. Wir kommunizieren nicht mit Arbeitgebern, sammeln keine Bewerberdaten und f\u00fchren keine Vorstellungsgespr\u00e4che durch.<\/p>\n\n\n\n<p><strong>Die Verf\u00fcgbarkeit von Kursen und Schulungen kann nicht garantiert werden:<\/strong><\/p>\n\n\n\n<p>Obwohl wir uns bem\u00fchen, jede Option genau zu beschreiben, liegen die endg\u00fcltigen Entscheidungen \u00fcber die Einschreibung, die Preise, Voraussetzungen und Programm\u00e4nderungen vollst\u00e4ndig im Ermessen des jeweiligen Schulungsanbieters oder der jeweiligen Institution.<\/p>\n\n\n\n<p><strong>Wir empfehlen die \u00dcberpr\u00fcfung bei jedem Schritt:<\/strong><\/p>\n\n\n\n<p>Jeder Beitrag enth\u00e4lt einen Verweis auf die urspr\u00fcngliche Quelle oder Plattform. Wir empfehlen dringend, Angebote oder Anforderungen direkt bei der Quelle zu best\u00e4tigen, bevor Sie sich auf einen Prozess einlassen oder vertrauliche Informationen \u00fcbermitteln.<\/p>\n\n\n\n<p>Wir sch\u00e4tzen Ihr Vertrauen und sind bestrebt, es durch Klarheit und nicht durch Versprechungen aufrechtzuerhalten.<\/p>\n\n\n\n<p><br><\/p>\n\n\n\n<h2 class=\"wp-block-heading\">Unser Fokus: Zug\u00e4nglichkeit, Genauigkeit und Unabh\u00e4ngigkeit<\/h2>\n\n\n\n<p>ExploraFly hat es sich zur Aufgabe gemacht, komplexe Informationen verst\u00e4ndlicher zu machen, ohne ihre Bedeutung zu verw\u00e4ssern. Egal, ob Sie frischgebackener Absolvent, Fachkraft oder Berufseinsteiger sind \u2013 wir sind der Meinung, dass praktische Informationen nicht hinter Fachjargon versteckt oder \u00fcber unverbundene Systeme verstreut sein sollten.<\/p>\n\n\n\n<p>Unser Ansatz basiert auf drei Prinzipien:<\/p>\n\n\n\n<p><strong>Zug\u00e4nglichkeit:<\/strong><\/p>\n\n\n\n<p>Wir schreiben in klarer, pr\u00e4ziser Sprache f\u00fcr Leser, die mit der deutschen B\u00fcrokratie nicht vertraut sind, sich aber dennoch darin zurechtfinden m\u00fcssen. Ob es um die Entschl\u00fcsselung von Stellencodes oder die Erkl\u00e4rung von Ausbildungsgutscheinen geht \u2013 wir schlie\u00dfen die L\u00fccke zwischen Politik und Benutzerfreundlichkeit.<\/p>\n\n\n\n<p><strong>Genauigkeit:<\/strong><\/p>\n\n\n\n<p>Wir k\u00f6nnen zwar keine Echtzeit-Aktualisierungen f\u00fcr jeden Eintrag garantieren, \u00fcberpr\u00fcfen jedoch alle Inhalte vor der Ver\u00f6ffentlichung auf ihre Richtigkeit. Gegebenenfalls geben wir Ver\u00f6ffentlichungsdaten und Originalquellen an, damit Nutzer die Aktualit\u00e4t der Informationen besser beurteilen k\u00f6nnen.<\/p>\n\n\n\n<p><strong>Unabh\u00e4ngigkeit:<\/strong><\/p>\n\n\n\n<p>Wir nehmen keine Zahlungen f\u00fcr die Ver\u00f6ffentlichung von Stellenangeboten, Kursen, Dienstleistungen, Produkten oder spielbezogenen Inhalten an. Unsere redaktionellen Entscheidungen basieren auf Relevanz und Nutzen f\u00fcr unsere Leser \u2013 nicht auf kommerziellen Interessen oder externen Einfl\u00fcssen.<\/p>\n\n\n\n<p>Wir verfolgen in allen unseren Inhalten eine nicht-werbliche Haltung. Sie werden bei uns keine \u00fcbertriebene Sprache oder Erfolgsversprechen finden. Was Sie finden, sind Informationen, die Ihnen helfen, basierend auf Ihren eigenen Zielen und Ihrer Situation bessere Entscheidungen zu treffen.<\/p>\n\n\n\n<h2 class=\"wp-block-heading\">Ein praktisches Werkzeug f\u00fcr einen realen Markt und ein intelligenteres digitales Leben<\/h2>\n\n\n\n<p>Die deutsche Berufslandschaft bietet viel Potenzial \u2013 aber auch viele Abl\u00e4ufe. F\u00fcr viele ist es am schwierigsten zu wissen, wo sie anfangen sollen. Bei ExploraFly sammeln wir bereits vorhandenes Wissen und machen es verst\u00e4ndlicher, sodass sich Nutzer weniger auf die Suche konzentrieren und sich mehr auf Bewerbung, Lernen und Weiterentwicklung konzentrieren k\u00f6nnen.<\/p>\n\n\n\n<p>Da Arbeit und Lernen zunehmend von der digitalen Welt abh\u00e4ngen, ver\u00f6ffentlichen wir auch Inhalte jenseits von Karrierethemen \u2013 insbesondere Rezensionen und Ratgeber zu Technologie und Spielen. Von n\u00fctzlichen Tools und Plattformen bis hin zu lohnenswerten Spielerlebnissen helfen wir unseren Lesern, fundiertere Entscheidungen zu treffen, wobei wir stets Wert auf Klarheit, Kontext und Unabh\u00e4ngigkeit legen.<\/p>\n\n\n\n<p>Hier gibt es keine Abk\u00fcrzungen \u2013 nur die Verpflichtung, Ihnen zu helfen, sich in einem ohnehin schon komplexen System besser zurechtzufinden. Wenn Ihnen ein Leitfaden dabei hilft, Ihre n\u00e4chste Bewerbung zu strukturieren, die richtige Qualifikation f\u00fcr einen Karrierewechsel zu finden oder sogar die passende Technologie- oder Spieleerfahrung f\u00fcr Ihre Ziele und Ihren Alltag auszuw\u00e4hlen, dann haben wir unseren Beitrag geleistet.<\/p>\n\n\n\n<p>Wenn Sie Themen vorschlagen, ein Detail korrigieren oder eine Frage stellen m\u00f6chten, freuen wir uns \u00fcber Ihr Feedback. Wir sehen diese Plattform als einen sich entwickelnden Raum, der von den Bed\u00fcrfnissen der Nutzer gepr\u00e4gt wird.<\/p>","protected":false},"excerpt":{"rendered":"<p>ExploraFly ist eine unabh\u00e4ngige Plattform, die relevante und aktuelle Informationen zu Stellenangeboten und Weiterbildungsm\u00f6glichkeiten in Deutschland bereitstellt. Wir m\u00f6chten Menschen mit \u00f6ffentlichen Ressourcen zur beruflichen Weiterentwicklung vernetzen, ohne dabei als Personalvermittler, Arbeitgeber oder Weiterbildungsanbieter aufzutreten. Alle Inhalte auf unserer Website stammen aus \u00f6ffentlich zug\u00e4nglichen Quellen und wurden sorgf\u00e4ltig ausgew\u00e4hlt.<\/p>","protected":false},"author":40,"featured_media":0,"parent":0,"menu_order":0,"comment_status":"closed","ping_status":"closed","template":"","meta":{"_uag_custom_page_level_css":"","site-sidebar-layout":"default","site-content-layout":"","ast-site-content-layout":"default","site-content-style":"default","site-sidebar-style":"default","ast-global-header-display":"","ast-banner-title-visibility":"","ast-main-header-display":"","ast-hfb-above-header-display":"","ast-hfb-below-header-display":"","ast-hfb-mobile-header-display":"","site-post-title":"","ast-breadcrumbs-content":"","ast-featured-img":"","footer-sml-layout":"","theme-transparent-header-meta":"","adv-header-id-meta":"","stick-header-meta":"","header-above-stick-meta":"","header-main-stick-meta":"","header-below-stick-meta":"","astra-migrate-meta-layouts":"set","ast-page-background-enabled":"default","ast-page-background-meta":{"desktop":{"background-color":"var(--ast-global-color-4)","background-image":"","background-repeat":"repeat","background-position":"center center","background-size":"auto","background-attachment":"scroll","background-type":"","background-media":"","overlay-type":"","overlay-color":"","overlay-opacity":"","overlay-gradient":""},"tablet":{"background-color":"","background-image":"","background-repeat":"repeat","background-position":"center center","background-size":"auto","background-attachment":"scroll","background-type":"","background-media":"","overlay-type":"","overlay-color":"","overlay-opacity":"","overlay-gradient":""},"mobile":{"background-color":"","background-image":"","background-repeat":"repeat","background-position":"center center","background-size":"auto","background-attachment":"scroll","background-type":"","background-media":"","overlay-type":"","overlay-color":"","overlay-opacity":"","overlay-gradient":""}},"ast-content-background-meta":{"desktop":{"background-color":"var(--ast-global-color-5)","background-image":"","background-repeat":"repeat","background-position":"center center","background-size":"auto","background-attachment":"scroll","background-type":"","background-media":"","overlay-type":"","overlay-color":"","overlay-opacity":"","overlay-gradient":""},"tablet":{"background-color":"var(--ast-global-color-5)","background-image":"","background-repeat":"repeat","background-position":"center center","background-size":"auto","background-attachment":"scroll","background-type":"","background-media":"","overlay-type":"","overlay-color":"","overlay-opacity":"","overlay-gradient":""},"mobile":{"background-color":"var(--ast-global-color-5)","background-image":"","background-repeat":"repeat","background-position":"center center","background-size":"auto","background-attachment":"scroll","background-type":"","background-media":"","overlay-type":"","overlay-color":"","overlay-opacity":"","overlay-gradient":""}},"footnotes":""},"yoast_head":"<!-- This site is optimized with the Yoast SEO plugin v23.3 - https:\/\/yoast.com\/wordpress\/plugins\/seo\/ -->\n<title>About - explorafly<\/title>\n<meta name=\"robots\" content=\"index, follow, max-snippet:-1, max-image-preview:large, max-video-preview:-1\" \/>\n<link rel=\"canonical\" href=\"https:\/\/explorafly.com\/de\/about\/\" \/>\n<meta property=\"og:locale\" content=\"de_DE\" \/>\n<meta property=\"og:type\" content=\"article\" \/>\n<meta property=\"og:title\" content=\"About - explorafly\" \/>\n<meta property=\"og:description\" content=\"ExploraFly is an independent platform dedicated to providing relevant, up-to-date information about employment opportunities and professional training options in Germany. We aim to connect individuals with public resources that support career development, without acting as a recruiter, employer, or training provider. Everything you see on our website is curated from publicly available sources, selected with [&hellip;]\" \/>\n<meta property=\"og:url\" content=\"https:\/\/explorafly.com\/de\/about\/\" \/>\n<meta property=\"og:site_name\" content=\"explorafly\" \/>\n<meta property=\"article:modified_time\" content=\"2025-12-15T12:37:35+00:00\" \/>\n<meta name=\"twitter:card\" content=\"summary_large_image\" \/>\n<meta name=\"twitter:label1\" content=\"Est. reading time\" \/>\n\t<meta name=\"twitter:data1\" content=\"5 Minuten\" \/>\n<script type=\"application\/ld+json\" class=\"yoast-schema-graph\">{\"@context\":\"https:\/\/schema.org\",\"@graph\":[{\"@type\":\"WebPage\",\"@id\":\"https:\/\/explorafly.com\/about\/\",\"url\":\"https:\/\/explorafly.com\/about\/\",\"name\":\"About - explorafly\",\"isPartOf\":{\"@id\":\"https:\/\/explorafly.com\/#website\"},\"datePublished\":\"2025-07-16T03:17:56+00:00\",\"dateModified\":\"2025-12-15T12:37:35+00:00\",\"breadcrumb\":{\"@id\":\"https:\/\/explorafly.com\/about\/#breadcrumb\"},\"inLanguage\":\"de-DE\",\"potentialAction\":[{\"@type\":\"ReadAction\",\"target\":[\"https:\/\/explorafly.com\/about\/\"]}]},{\"@type\":\"BreadcrumbList\",\"@id\":\"https:\/\/explorafly.com\/about\/#breadcrumb\",\"itemListElement\":[{\"@type\":\"ListItem\",\"position\":1,\"name\":\"Home\",\"item\":\"https:\/\/explorafly.com\/\"},{\"@type\":\"ListItem\",\"position\":2,\"name\":\"About\"}]},{\"@type\":\"WebSite\",\"@id\":\"https:\/\/explorafly.com\/#website\",\"url\":\"https:\/\/explorafly.com\/\",\"name\":\"explorafly\",\"description\":\"\",\"publisher\":{\"@id\":\"https:\/\/explorafly.com\/#organization\"},\"potentialAction\":[{\"@type\":\"SearchAction\",\"target\":{\"@type\":\"EntryPoint\",\"urlTemplate\":\"https:\/\/explorafly.com\/?s={search_term_string}\"},\"query-input\":\"required name=search_term_string\"}],\"inLanguage\":\"de-DE\"},{\"@type\":\"Organization\",\"@id\":\"https:\/\/explorafly.com\/#organization\",\"name\":\"explorafly\",\"url\":\"https:\/\/explorafly.com\/\",\"logo\":{\"@type\":\"ImageObject\",\"inLanguage\":\"de-DE\",\"@id\":\"https:\/\/explorafly.com\/#\/schema\/logo\/image\/\",\"url\":\"https:\/\/explorafly.com\/wp-content\/uploads\/sites\/40\/2025\/09\/cropped-logo2.jpg\",\"contentUrl\":\"https:\/\/explorafly.com\/wp-content\/uploads\/sites\/40\/2025\/09\/cropped-logo2.jpg\",\"width\":931,\"height\":1080,\"caption\":\"explorafly\"},\"image\":{\"@id\":\"https:\/\/explorafly.com\/#\/schema\/logo\/image\/\"}}]}<\/script>\n<!-- \/ Yoast SEO plugin. -->","yoast_head_json":{"title":"About - explorafly","robots":{"index":"index","follow":"follow","max-snippet":"max-snippet:-1","max-image-preview":"max-image-preview:large","max-video-preview":"max-video-preview:-1"},"canonical":"https:\/\/explorafly.com\/de\/about\/","og_locale":"de_DE","og_type":"article","og_title":"About - explorafly","og_description":"ExploraFly is an independent platform dedicated to providing relevant, up-to-date information about employment opportunities and professional training options in Germany. We aim to connect individuals with public resources that support career development, without acting as a recruiter, employer, or training provider. Everything you see on our website is curated from publicly available sources, selected with [&hellip;]","og_url":"https:\/\/explorafly.com\/de\/about\/","og_site_name":"explorafly","article_modified_time":"2025-12-15T12:37:35+00:00","twitter_card":"summary_large_image","twitter_misc":{"Est. reading time":"5 Minuten"},"schema":{"@context":"https:\/\/schema.org","@graph":[{"@type":"WebPage","@id":"https:\/\/explorafly.com\/about\/","url":"https:\/\/explorafly.com\/about\/","name":"About - explorafly","isPartOf":{"@id":"https:\/\/explorafly.com\/#website"},"datePublished":"2025-07-16T03:17:56+00:00","dateModified":"2025-12-15T12:37:35+00:00","breadcrumb":{"@id":"https:\/\/explorafly.com\/about\/#breadcrumb"},"inLanguage":"de-DE","potentialAction":[{"@type":"ReadAction","target":["https:\/\/explorafly.com\/about\/"]}]},{"@type":"BreadcrumbList","@id":"https:\/\/explorafly.com\/about\/#breadcrumb","itemListElement":[{"@type":"ListItem","position":1,"name":"Home","item":"https:\/\/explorafly.com\/"},{"@type":"ListItem","position":2,"name":"About"}]},{"@type":"WebSite","@id":"https:\/\/explorafly.com\/#website","url":"https:\/\/explorafly.com\/","name":"explorafly","description":"","publisher":{"@id":"https:\/\/explorafly.com\/#organization"},"potentialAction":[{"@type":"SearchAction","target":{"@type":"EntryPoint","urlTemplate":"https:\/\/explorafly.com\/?s={search_term_string}"},"query-input":"required name=search_term_string"}],"inLanguage":"de-DE"},{"@type":"Organization","@id":"https:\/\/explorafly.com\/#organization","name":"explorafly","url":"https:\/\/explorafly.com\/","logo":{"@type":"ImageObject","inLanguage":"de-DE","@id":"https:\/\/explorafly.com\/#\/schema\/logo\/image\/","url":"https:\/\/explorafly.com\/wp-content\/uploads\/sites\/40\/2025\/09\/cropped-logo2.jpg","contentUrl":"https:\/\/explorafly.com\/wp-content\/uploads\/sites\/40\/2025\/09\/cropped-logo2.jpg","width":931,"height":1080,"caption":"explorafly"},"image":{"@id":"https:\/\/explorafly.com\/#\/schema\/logo\/image\/"}}]}},"uagb_featured_image_src":{"full":false,"thumbnail":false,"medium":false,"medium_large":false,"large":false,"1536x1536":false,"2048x2048":false,"trp-custom-language-flag":false},"uagb_author_info":{"display_name":"pontesingrid25","author_link":"https:\/\/explorafly.com\/de\/author\/pontesingrid25\/"},"uagb_comment_info":0,"uagb_excerpt":"ExploraFly is an independent platform dedicated to providing relevant, up-to-date information about employment opportunities and professional training options in Germany. We aim to connect individuals with public resources that support career development, without acting as a recruiter, employer, or training provider. Everything you see on our website is curated from publicly available sources, selected with&hellip;","_links":{"self":[{"href":"https:\/\/explorafly.com\/de\/wp-json\/wp\/v2\/pages\/448"}],"collection":[{"href":"https:\/\/explorafly.com\/de\/wp-json\/wp\/v2\/pages"}],"about":[{"href":"https:\/\/explorafly.com\/de\/wp-json\/wp\/v2\/types\/page"}],"author":[{"embeddable":true,"href":"https:\/\/explorafly.com\/de\/wp-json\/wp\/v2\/users\/40"}],"replies":[{"embeddable":true,"href":"https:\/\/explorafly.com\/de\/wp-json\/wp\/v2\/comments?post=448"}],"version-history":[{"count":4,"href":"https:\/\/explorafly.com\/de\/wp-json\/wp\/v2\/pages\/448\/revisions"}],"predecessor-version":[{"id":2539,"href":"https:\/\/explorafly.com\/de\/wp-json\/wp\/v2\/pages\/448\/revisions\/2539"}],"wp:attachment":[{"href":"https:\/\/explorafly.com\/de\/wp-json\/wp\/v2\/media?parent=448"}],"curies":[{"name":"wp","href":"https:\/\/api.w.org\/{rel}","templated":true}]}}