{"id":448,"date":"2025-07-16T03:17:56","date_gmt":"2025-07-16T03:17:56","guid":{"rendered":"https:\/\/explorafly.com\/?page_id=448"},"modified":"2025-12-15T12:37:35","modified_gmt":"2025-12-15T12:37:35","slug":"about","status":"publish","type":"page","link":"https:\/\/explorafly.com\/et\/about\/","title":{"rendered":"Teave"},"content":{"rendered":"<p><strong><br><\/strong><\/p>\n\n\n\n<p>ExploraFly on s\u00f5ltumatu platvorm, mis on p\u00fchendatud asjakohase ja ajakohase teabe pakkumisele t\u00f6\u00f6v\u00f5imaluste ja kutse\u00f5ppe v\u00f5imaluste kohta Saksamaal. Meie eesm\u00e4rk on \u00fchendada inimesi avalike ressurssidega, mis toetavad karj\u00e4\u00e4riarengut, tegutsemata v\u00e4rbaja, t\u00f6\u00f6andja v\u00f5i koolituspakkujana. K\u00f5ik, mida meie veebisaidil n\u00e4ete, on kureeritud avalikult k\u00e4ttesaadavatest allikatest, hoolikalt valitud ja selgelt esitatud.<\/p>\n\n\n\n<p>Me m\u00f5istame praktilisi takistusi, millega paljud inimesed t\u00f6\u00f6 otsimisel v\u00f5i oskuste t\u00e4iendamise v\u00f5imaluste kasutamisel silmitsi seisavad \u2013 eriti nii struktureeritud ja regulatsioonidele orienteeritud riigis nagu Saksamaa. Meie sisu on loodud segaduse v\u00e4ltimiseks, lihtsustamata seejuures olulisi detaile. Me ei ole siin selleks, et tulemusi lubada ega teenuseid reklaamida. Meie eesm\u00e4rk on teavitada, suunata ja selgitada seda, mis juba olemas on.<\/p>\n\n\n\n<p>Lisaks karj\u00e4\u00e4rile keskenduvale sisule avaldab ExploraFly ka tehnoloogia ja m\u00e4ngudega seotud arvustusi ja praktilisi juhendeid \u2013 h\u00f5lmates t\u00f6\u00f6riistu, platvorme ja digitaalseid kogemusi, mis sageli seostuvad t\u00e4nap\u00e4evase t\u00f6\u00f6, \u00f5ppimise ja igap\u00e4evaeluga. See sisu j\u00e4rgib samu toimetusp\u00f5him\u00f5tteid: selgus, kasulikkus ja iseseisvus.<\/p>\n\n\n\n<h2 class=\"wp-block-heading\">Mida ExploraFly pakub<\/h2>\n\n\n\n<p>Saksa t\u00f6\u00f6turg v\u00f5ib paljudele tunduda l\u00e4bitungimatu \u2013 nii kohalikele kui ka uustulnukatele. N\u00f5uded on sageli v\u00e4ga spetsiifilised ja teave on hajutatud k\u00fcmnetele platvormidele. ExploraFly aitab seda teavet korraldada h\u00f5lpsamini j\u00e4lgitavasse vormingusse, eriti kasutajatele, kes navigeerivad nendes protsessides inglise keeles.<\/p>\n\n\n\n<p>Meie saidilt leiate j\u00e4rgmist:<\/p>\n\n\n\n<p><strong>Kureeritud t\u00f6\u00f6kuulutused koos kontekstiga:<\/strong><\/p>\n\n\n\n<p>J\u00e4lgime vabu ametikohti mitmes sektoris, alates tervishoiust ja oskust\u00f6\u00f6listest kuni logistika ja IT-ni. Iga kuulutust vaadatakse asjakohasuse osas \u00fcle ning r\u00fchmitatakse ameti, piirkonna v\u00f5i kogemustaseme j\u00e4rgi. Samuti selgitame, kuidas teatud rollid Saksamaa t\u00f6\u00f6h\u00f5iveraamistikus toimivad, pakkudes kontekstikihti, mis paljudel kuulutustel puudub.<\/p>\n\n\n\n<p><strong>Koolituse ja sertifikaatide \u00fcksikasjalik \u00fclevaade:<\/strong><\/p>\n\n\n\n<p>Olenemata sellest, kas olete huvitatud l\u00fchikestest oskuste t\u00e4iendamise kursustest v\u00f5i valitsuse toetatud \u00fcmber\u00f5ppeprogrammidest, selgitame teile, kellele need programmid on m\u00f5eldud, kuidas neile ligi p\u00e4\u00e4seda ja mida oodata. P\u00f6\u00f6rame suurt t\u00e4helepanu Saksamaa t\u00f6\u00f6andjate poolt tavaliselt n\u00f5utavatele kvalifikatsioonit\u00f5enditele.<\/p>\n\n\n\n<p><strong>Professionaalsete protsesside juhendid:<\/strong><\/p>\n\n\n\n<p>Meie toimetus loob originaalsisu, mis h\u00f5lmab k\u00f5ike alates sellest, kuidas koostada Saksamaa v\u00e4rbamisstandarditele vastav CV, kuni selleni, mida oodata intervjuul osalemisel v\u00f5i sinise kaardi taotlemisel. Keskendume alati lugejate abistamisele praktiliste teadmiste pakkumisel edasiliikumiseks.<\/p>\n\n\n\n<p><strong>Tehnoloogia ja m\u00e4ngude arvustused:<\/strong><\/p>\n\n\n\n<p>Avaldame s\u00f5ltumatuid arvustusi ja informatiivset sisu tehnoloogia ja m\u00e4ngude kohta, keskendudes praktilistele j\u00e4reldustele \u2013 mis on teie aja v\u00e4\u00e4rt, kuidas asjad toimivad ja mida enne t\u00f6\u00f6riista, platvormi v\u00f5i m\u00e4ngukogemuse kasutamist, ostmist v\u00f5i sellesse investeerimist kaaluda. Vajadusel k\u00e4sitleme ka digitaalseid tooteid ja trende, mis toetavad tootlikkust, \u00f5ppimist ja meelelahutust.<\/p>\n\n\n\n<p>Me ei hinda, sponsoreeri ega reklaami \u00fchtegi konkreetset v\u00f5imalust. Iga ExploraFly funktsioon on valitud asjakohasuse, selguse ja avaliku k\u00e4ttesaadavuse p\u00f5hjal.<\/p>\n\n\n\n<h2 class=\"wp-block-heading\">Mida me ei ole<\/h2>\n\n\n\n<p>Oluline on eristada ressursiks ja teenusepakkujaks olemist. ExploraFly ei paku t\u00f6\u00f6kohti, ei halda avaldusi ega tegutse t\u00f6\u00f6vahendusteenusena. Meil ei ole partnerlussuhteid ega \u00e4rilisi seoseid saidil mainitud ettev\u00f5tete ega koolitusasutustega.<\/p>\n\n\n\n<p>Sama kehtib ka meie tehnoloogia ja m\u00e4ngude sisu kohta: me ei m\u00fc\u00fc tooteid, esinda kirjastajaid ega v\u00f5ta vastu tasulisi paigutusi kajastuse eest.<\/p>\n\n\n\n<p>Seet\u00f5ttu toome selgelt v\u00e4lja j\u00e4rgmised punktid:<\/p>\n\n\n\n<p><strong>T\u00f6\u00f6kuulutused v\u00f5ivad muutuda v\u00f5i kaduda ette teatamata:<\/strong><\/p>\n\n\n\n<p>K\u00f5ik ExploraFly-s kuvatavad vabad t\u00f6\u00f6kohad p\u00e4rinevad v\u00e4listelt platvormidelt. Kui kuulutus eemaldatakse, t\u00e4idetakse v\u00f5i muudetakse, meid sellest ei teavitata. Kasutajad peaksid enne edasiste toimingute tegemist alati andmed algse allika kaudu \u00fcle kontrollima.<\/p>\n\n\n\n<p><strong>Me ei m\u00f5juta v\u00e4rbamisotsuseid:<\/strong><\/p>\n\n\n\n<p>Meie roll piirdub teabe pakkumisega. Me ei suhtle t\u00f6\u00f6andjatega, ei kogu kandidaatide andmeid ega korralda intervjuusid.<\/p>\n\n\n\n<p><strong>Kursuste ja koolituste k\u00e4ttesaadavus ei ole garanteeritud:<\/strong><\/p>\n\n\n\n<p>Kuigi p\u00fc\u00fcame iga v\u00f5imalust t\u00e4pselt kirjeldada, on l\u00f5plikud registreerimisotsused, hinnakujundus, eeltingimused ja programmi muudatused t\u00e4ielikult koolituspakkuja v\u00f5i asjaomase asutuse otsustada.<\/p>\n\n\n\n<p><strong>Soovitame igal sammul kinnitust saada:<\/strong><\/p>\n\n\n\n<p>Iga postitus sisaldab viidet algsele allikale v\u00f5i platvormile. Soovitame tungivalt enne protsessile p\u00fchendumist v\u00f5i tundliku teabe esitamist k\u00f5ik pakkumise v\u00f5i n\u00f5udmise k\u00fcsimused otse selle allikaga kinnitada.<\/p>\n\n\n\n<p>Me v\u00e4\u00e4rtustame teie usaldust ja oleme p\u00fchendunud selle hoidmisele selguse, mitte lubaduste kaudu.<\/p>\n\n\n\n<p><br><\/p>\n\n\n\n<h2 class=\"wp-block-heading\">Meie fookus: ligip\u00e4\u00e4setavus, t\u00e4psus ja s\u00f5ltumatus<\/h2>\n\n\n\n<p>ExploraFly eesm\u00e4rk on muuta keeruline teave arusaadavamaks, v\u00e4hendamata selle olulisust. Olenemata sellest, kas olete hiljuti l\u00f5petanud, oskust\u00f6\u00f6line v\u00f5i keegi, kes oma karj\u00e4\u00e4ri uuesti alustab, usume, et praktilist teavet ei tohiks peita \u017eargooni taha ega hajutada omavahel \u00fchendamata s\u00fcsteemides.<\/p>\n\n\n\n<p>Meie l\u00e4henemisviisi juhivad kolm p\u00f5him\u00f5tet:<\/p>\n\n\n\n<p><strong>Ligip\u00e4\u00e4setavus:<\/strong><\/p>\n\n\n\n<p>Kirjutame selges ja t\u00e4pses keeles lugejatele, kes ei pruugi olla tuttavad Saksa b\u00fcrokraatiaga, kuid peavad selle piires tegutsema. Olgu selleks siis ametikoodide dekodeerimine v\u00f5i koolitusvaut\u0161erite selgitamine, \u00fchendame poliitika ja kasutatavuse.<\/p>\n\n\n\n<p><strong>T\u00e4psus:<\/strong><\/p>\n\n\n\n<p>Kuigi me ei saa garanteerida iga kuulutuse reaalajas v\u00e4rskendusi, kontrollime enne avaldamist kogu sisu t\u00e4psuse osas. Vajaduse korral lisame avaldamiskuup\u00e4evad ja algsed allikad, et aidata kasutajatel hinnata teabe ajakohasust.<\/p>\n\n\n\n<p><strong>Iseseisvus:<\/strong><\/p>\n\n\n\n<p>Me ei v\u00f5ta vastu makseid t\u00f6\u00f6kohtade, kursuste, teenuste, toodete v\u00f5i m\u00e4ngudega seotud sisu esilet\u00f5stmise eest. Meie toimetuslikud valikud p\u00f5hinevad asjakohasusel ja kasulikkusel meie lugejatele \u2013 mitte \u00e4rihuvidel v\u00f5i v\u00e4listel m\u00f5jutustel.<\/p>\n\n\n\n<p>Meie sisu ei ole suunatud reklaamile. Te ei leia liialdatud keelekasutust ega edulubadusi. Te leiate teavet, mis aitab teil teha paremaid valikuid vastavalt oma eesm\u00e4rkidele ja olukorrale.<\/p>\n\n\n\n<h2 class=\"wp-block-heading\">Praktiline t\u00f6\u00f6riist p\u00e4ris turu ja nutikama digielu jaoks<\/h2>\n\n\n\n<p>Saksamaa professionaalne maastik on t\u00e4is potentsiaali \u2013 aga ka t\u00e4is protseduure. Paljude jaoks on k\u00f5ige raskem teada, kust alustada. ExploraFlys kogume kokku juba avaliku teabe ja muudame selle arusaadavamaks, et kasutajad saaksid keskenduda v\u00e4hem otsimisele ja rohkem kandideerimisele, \u00f5ppimisele ja arenemisele.<\/p>\n\n\n\n<p>Ja kuna t\u00f6\u00f6 ja \u00f5ppimine s\u00f5ltuvad \u00fcha enam digimaailmast, avaldame sisu ka v\u00e4ljaspool karj\u00e4\u00e4riv\u00f5imalusi \u2013 eriti tehnoloogia ja m\u00e4ngude kohta k\u00e4ivaid arvustusi ja juhendeid. Alates kasulikest t\u00f6\u00f6riistadest ja platvormidest kuni teie aega v\u00e4\u00e4rt m\u00e4ngukogemusteni aitame lugejatel teha teadlikumaid valikuid, keskendudes samamoodi selgusele, kontekstile ja iseseisvusele.<\/p>\n\n\n\n<p>Siit ei leia otseteid \u2013 vaid p\u00fchendumust aidata teil niigi keerulises s\u00fcsteemis paremini orienteeruda. Kui juhend aitab teil struktureerida oma j\u00e4rgmist t\u00f6\u00f6koha avaldust, tuvastada karj\u00e4\u00e4rivahetuseks sobiva kvalifikatsiooni v\u00f5i isegi valida oma eesm\u00e4rkide ja rutiini jaoks sobiva tehnoloogia- v\u00f5i m\u00e4ngukogemuse, siis oleme oma osa teinud.<\/p>\n\n\n\n<p>Kui soovite teemasid soovitada, detaili parandada v\u00f5i k\u00fcsimuse esitada, ootame teie tagasisidet. Meie arvates on see platvorm pidevalt arenev ruum, mida kujundavad selle kasutajate vajadused.<\/p>","protected":false},"excerpt":{"rendered":"<p>ExploraFly on s\u00f5ltumatu platvorm, mis on p\u00fchendatud asjakohase ja ajakohase teabe pakkumisele t\u00f6\u00f6v\u00f5imaluste ja kutse\u00f5ppe v\u00f5imaluste kohta Saksamaal. Meie eesm\u00e4rk on \u00fchendada inimesi avalike ressurssidega, mis toetavad karj\u00e4\u00e4riarengut, tegutsemata v\u00e4rbaja, t\u00f6\u00f6andja v\u00f5i koolituspakkujana. K\u00f5ik, mida meie veebisaidil n\u00e4ete, on kureeritud avalikult k\u00e4ttesaadavatest allikatest, mis on valitud [\u2026]<\/p>","protected":false},"author":40,"featured_media":0,"parent":0,"menu_order":0,"comment_status":"closed","ping_status":"closed","template":"","meta":{"_uag_custom_page_level_css":"","site-sidebar-layout":"default","site-content-layout":"","ast-site-content-layout":"default","site-content-style":"default","site-sidebar-style":"default","ast-global-header-display":"","ast-banner-title-visibility":"","ast-main-header-display":"","ast-hfb-above-header-display":"","ast-hfb-below-header-display":"","ast-hfb-mobile-header-display":"","site-post-title":"","ast-breadcrumbs-content":"","ast-featured-img":"","footer-sml-layout":"","theme-transparent-header-meta":"","adv-header-id-meta":"","stick-header-meta":"","header-above-stick-meta":"","header-main-stick-meta":"","header-below-stick-meta":"","astra-migrate-meta-layouts":"set","ast-page-background-enabled":"default","ast-page-background-meta":{"desktop":{"background-color":"var(--ast-global-color-4)","background-image":"","background-repeat":"repeat","background-position":"center center","background-size":"auto","background-attachment":"scroll","background-type":"","background-media":"","overlay-type":"","overlay-color":"","overlay-opacity":"","overlay-gradient":""},"tablet":{"background-color":"","background-image":"","background-repeat":"repeat","background-position":"center center","background-size":"auto","background-attachment":"scroll","background-type":"","background-media":"","overlay-type":"","overlay-color":"","overlay-opacity":"","overlay-gradient":""},"mobile":{"background-color":"","background-image":"","background-repeat":"repeat","background-position":"center center","background-size":"auto","background-attachment":"scroll","background-type":"","background-media":"","overlay-type":"","overlay-color":"","overlay-opacity":"","overlay-gradient":""}},"ast-content-background-meta":{"desktop":{"background-color":"var(--ast-global-color-5)","background-image":"","background-repeat":"repeat","background-position":"center center","background-size":"auto","background-attachment":"scroll","background-type":"","background-media":"","overlay-type":"","overlay-color":"","overlay-opacity":"","overlay-gradient":""},"tablet":{"background-color":"var(--ast-global-color-5)","background-image":"","background-repeat":"repeat","background-position":"center center","background-size":"auto","background-attachment":"scroll","background-type":"","background-media":"","overlay-type":"","overlay-color":"","overlay-opacity":"","overlay-gradient":""},"mobile":{"background-color":"var(--ast-global-color-5)","background-image":"","background-repeat":"repeat","background-position":"center center","background-size":"auto","background-attachment":"scroll","background-type":"","background-media":"","overlay-type":"","overlay-color":"","overlay-opacity":"","overlay-gradient":""}},"footnotes":""},"yoast_head":"<!-- This site is optimized with the Yoast SEO plugin v23.3 - https:\/\/yoast.com\/wordpress\/plugins\/seo\/ -->\n<title>About - explorafly<\/title>\n<meta name=\"robots\" content=\"index, follow, max-snippet:-1, max-image-preview:large, max-video-preview:-1\" \/>\n<link rel=\"canonical\" href=\"https:\/\/explorafly.com\/et\/about\/\" \/>\n<meta property=\"og:locale\" content=\"et_EE\" \/>\n<meta property=\"og:type\" content=\"article\" \/>\n<meta property=\"og:title\" content=\"About - explorafly\" \/>\n<meta property=\"og:description\" content=\"ExploraFly is an independent platform dedicated to providing relevant, up-to-date information about employment opportunities and professional training options in Germany. We aim to connect individuals with public resources that support career development, without acting as a recruiter, employer, or training provider. Everything you see on our website is curated from publicly available sources, selected with [&hellip;]\" \/>\n<meta property=\"og:url\" content=\"https:\/\/explorafly.com\/et\/about\/\" \/>\n<meta property=\"og:site_name\" content=\"explorafly\" \/>\n<meta property=\"article:modified_time\" content=\"2025-12-15T12:37:35+00:00\" \/>\n<meta name=\"twitter:card\" content=\"summary_large_image\" \/>\n<meta name=\"twitter:label1\" content=\"Est. reading time\" \/>\n\t<meta name=\"twitter:data1\" content=\"5 minutit\" \/>\n<script type=\"application\/ld+json\" class=\"yoast-schema-graph\">{\"@context\":\"https:\/\/schema.org\",\"@graph\":[{\"@type\":\"WebPage\",\"@id\":\"https:\/\/explorafly.com\/about\/\",\"url\":\"https:\/\/explorafly.com\/about\/\",\"name\":\"About - explorafly\",\"isPartOf\":{\"@id\":\"https:\/\/explorafly.com\/#website\"},\"datePublished\":\"2025-07-16T03:17:56+00:00\",\"dateModified\":\"2025-12-15T12:37:35+00:00\",\"breadcrumb\":{\"@id\":\"https:\/\/explorafly.com\/about\/#breadcrumb\"},\"inLanguage\":\"et\",\"potentialAction\":[{\"@type\":\"ReadAction\",\"target\":[\"https:\/\/explorafly.com\/about\/\"]}]},{\"@type\":\"BreadcrumbList\",\"@id\":\"https:\/\/explorafly.com\/about\/#breadcrumb\",\"itemListElement\":[{\"@type\":\"ListItem\",\"position\":1,\"name\":\"Home\",\"item\":\"https:\/\/explorafly.com\/\"},{\"@type\":\"ListItem\",\"position\":2,\"name\":\"About\"}]},{\"@type\":\"WebSite\",\"@id\":\"https:\/\/explorafly.com\/#website\",\"url\":\"https:\/\/explorafly.com\/\",\"name\":\"explorafly\",\"description\":\"\",\"publisher\":{\"@id\":\"https:\/\/explorafly.com\/#organization\"},\"potentialAction\":[{\"@type\":\"SearchAction\",\"target\":{\"@type\":\"EntryPoint\",\"urlTemplate\":\"https:\/\/explorafly.com\/?s={search_term_string}\"},\"query-input\":\"required name=search_term_string\"}],\"inLanguage\":\"et\"},{\"@type\":\"Organization\",\"@id\":\"https:\/\/explorafly.com\/#organization\",\"name\":\"explorafly\",\"url\":\"https:\/\/explorafly.com\/\",\"logo\":{\"@type\":\"ImageObject\",\"inLanguage\":\"et\",\"@id\":\"https:\/\/explorafly.com\/#\/schema\/logo\/image\/\",\"url\":\"https:\/\/explorafly.com\/wp-content\/uploads\/sites\/40\/2025\/09\/cropped-logo2.jpg\",\"contentUrl\":\"https:\/\/explorafly.com\/wp-content\/uploads\/sites\/40\/2025\/09\/cropped-logo2.jpg\",\"width\":931,\"height\":1080,\"caption\":\"explorafly\"},\"image\":{\"@id\":\"https:\/\/explorafly.com\/#\/schema\/logo\/image\/\"}}]}<\/script>\n<!-- \/ Yoast SEO plugin. -->","yoast_head_json":{"title":"About - explorafly","robots":{"index":"index","follow":"follow","max-snippet":"max-snippet:-1","max-image-preview":"max-image-preview:large","max-video-preview":"max-video-preview:-1"},"canonical":"https:\/\/explorafly.com\/et\/about\/","og_locale":"et_EE","og_type":"article","og_title":"About - explorafly","og_description":"ExploraFly is an independent platform dedicated to providing relevant, up-to-date information about employment opportunities and professional training options in Germany. We aim to connect individuals with public resources that support career development, without acting as a recruiter, employer, or training provider. Everything you see on our website is curated from publicly available sources, selected with [&hellip;]","og_url":"https:\/\/explorafly.com\/et\/about\/","og_site_name":"explorafly","article_modified_time":"2025-12-15T12:37:35+00:00","twitter_card":"summary_large_image","twitter_misc":{"Est. reading time":"5 minutit"},"schema":{"@context":"https:\/\/schema.org","@graph":[{"@type":"WebPage","@id":"https:\/\/explorafly.com\/about\/","url":"https:\/\/explorafly.com\/about\/","name":"About - explorafly","isPartOf":{"@id":"https:\/\/explorafly.com\/#website"},"datePublished":"2025-07-16T03:17:56+00:00","dateModified":"2025-12-15T12:37:35+00:00","breadcrumb":{"@id":"https:\/\/explorafly.com\/about\/#breadcrumb"},"inLanguage":"et","potentialAction":[{"@type":"ReadAction","target":["https:\/\/explorafly.com\/about\/"]}]},{"@type":"BreadcrumbList","@id":"https:\/\/explorafly.com\/about\/#breadcrumb","itemListElement":[{"@type":"ListItem","position":1,"name":"Home","item":"https:\/\/explorafly.com\/"},{"@type":"ListItem","position":2,"name":"About"}]},{"@type":"WebSite","@id":"https:\/\/explorafly.com\/#website","url":"https:\/\/explorafly.com\/","name":"explorafly","description":"","publisher":{"@id":"https:\/\/explorafly.com\/#organization"},"potentialAction":[{"@type":"SearchAction","target":{"@type":"EntryPoint","urlTemplate":"https:\/\/explorafly.com\/?s={search_term_string}"},"query-input":"required name=search_term_string"}],"inLanguage":"et"},{"@type":"Organization","@id":"https:\/\/explorafly.com\/#organization","name":"explorafly","url":"https:\/\/explorafly.com\/","logo":{"@type":"ImageObject","inLanguage":"et","@id":"https:\/\/explorafly.com\/#\/schema\/logo\/image\/","url":"https:\/\/explorafly.com\/wp-content\/uploads\/sites\/40\/2025\/09\/cropped-logo2.jpg","contentUrl":"https:\/\/explorafly.com\/wp-content\/uploads\/sites\/40\/2025\/09\/cropped-logo2.jpg","width":931,"height":1080,"caption":"explorafly"},"image":{"@id":"https:\/\/explorafly.com\/#\/schema\/logo\/image\/"}}]}},"uagb_featured_image_src":{"full":false,"thumbnail":false,"medium":false,"medium_large":false,"large":false,"1536x1536":false,"2048x2048":false,"trp-custom-language-flag":false},"uagb_author_info":{"display_name":"pontesingrid25","author_link":"https:\/\/explorafly.com\/et\/author\/pontesingrid25\/"},"uagb_comment_info":0,"uagb_excerpt":"ExploraFly is an independent platform dedicated to providing relevant, up-to-date information about employment opportunities and professional training options in Germany. We aim to connect individuals with public resources that support career development, without acting as a recruiter, employer, or training provider. Everything you see on our website is curated from publicly available sources, selected with&hellip;","_links":{"self":[{"href":"https:\/\/explorafly.com\/et\/wp-json\/wp\/v2\/pages\/448"}],"collection":[{"href":"https:\/\/explorafly.com\/et\/wp-json\/wp\/v2\/pages"}],"about":[{"href":"https:\/\/explorafly.com\/et\/wp-json\/wp\/v2\/types\/page"}],"author":[{"embeddable":true,"href":"https:\/\/explorafly.com\/et\/wp-json\/wp\/v2\/users\/40"}],"replies":[{"embeddable":true,"href":"https:\/\/explorafly.com\/et\/wp-json\/wp\/v2\/comments?post=448"}],"version-history":[{"count":4,"href":"https:\/\/explorafly.com\/et\/wp-json\/wp\/v2\/pages\/448\/revisions"}],"predecessor-version":[{"id":2539,"href":"https:\/\/explorafly.com\/et\/wp-json\/wp\/v2\/pages\/448\/revisions\/2539"}],"wp:attachment":[{"href":"https:\/\/explorafly.com\/et\/wp-json\/wp\/v2\/media?parent=448"}],"curies":[{"name":"wp","href":"https:\/\/api.w.org\/{rel}","templated":true}]}}