{"id":448,"date":"2025-07-16T03:17:56","date_gmt":"2025-07-16T03:17:56","guid":{"rendered":"https:\/\/explorafly.com\/?page_id=448"},"modified":"2025-12-15T12:37:35","modified_gmt":"2025-12-15T12:37:35","slug":"about","status":"publish","type":"page","link":"https:\/\/explorafly.com\/fi\/about\/","title":{"rendered":"Noin"},"content":{"rendered":"<p><strong><br><\/strong><\/p>\n\n\n\n<p>ExploraFly on itsen\u00e4inen alusta, joka on omistautunut tarjoamaan relevanttia ja ajantasaista tietoa ty\u00f6mahdollisuuksista ja ammatillisesta koulutusvaihtoehdoista Saksassa. Tavoitteenamme on yhdist\u00e4\u00e4 yksil\u00f6t julkisiin resursseihin, jotka tukevat urakehityst\u00e4, toimimatta rekrytoijana, ty\u00f6nantajana tai koulutuksen tarjoajana. Kaikki verkkosivustollamme n\u00e4kem\u00e4si sis\u00e4lt\u00f6 on kuratoitu julkisesti saatavilla olevista l\u00e4hteist\u00e4, valittu huolella ja esitetty selke\u00e4sti.<\/p>\n\n\n\n<p>Ymm\u00e4rr\u00e4mme k\u00e4yt\u00e4nn\u00f6n esteet, joita monet ihmiset kohtaavat etsiess\u00e4\u00e4n ty\u00f6t\u00e4 tai hy\u00f6dynt\u00e4ess\u00e4\u00e4n osaamisensa kehitt\u00e4mismahdollisuuksia \u2013 erityisesti Saksan kaltaisessa strukturoidussa ja s\u00e4\u00e4ntelyvetoisessa maassa. Sis\u00e4lt\u00f6mme on suunniteltu selkeytt\u00e4m\u00e4\u00e4n h\u00e4mmennyst\u00e4 yksinkertaistamatta kuitenkaan olennaisia yksityiskohtia. Emme ole t\u00e4\u00e4ll\u00e4 luvataksemme tuloksia tai mainostaaksemme palveluita. Olemme t\u00e4\u00e4ll\u00e4 tiedottamassa, ohjaamassa ja selvent\u00e4m\u00e4ss\u00e4 sit\u00e4, mik\u00e4 on jo olemassa.<\/p>\n\n\n\n<p>Urapainotteisen sis\u00e4ll\u00f6n lis\u00e4ksi ExploraFly julkaisee my\u00f6s teknologiaan ja peleihin liittyvi\u00e4 arvosteluja ja k\u00e4yt\u00e4nn\u00f6n oppaita \u2013 k\u00e4sittelem\u00e4ll\u00e4 ty\u00f6kaluja, alustoja ja digitaalisia kokemuksia, jotka usein liittyv\u00e4t nykyaikaiseen ty\u00f6h\u00f6n, oppimiseen ja arkeen. T\u00e4m\u00e4 sis\u00e4lt\u00f6 noudattaa samoja toimituksellisia periaatteita: selkeys, hy\u00f6dyllisyys ja itsen\u00e4isyys.<\/p>\n\n\n\n<h2 class=\"wp-block-heading\">Mit\u00e4 ExploraFly tarjoaa<\/h2>\n\n\n\n<p>Saksan ty\u00f6markkinat voivat tuntua monille l\u00e4pip\u00e4\u00e4sem\u00e4tt\u00f6milt\u00e4 \u2013 niin paikallisille kuin tulokkaillekin. Vaatimukset ovat usein hyvin erityisi\u00e4, ja tiedot ovat hajallaan kymmenill\u00e4 alustoilla. ExploraFly auttaa j\u00e4rjest\u00e4m\u00e4\u00e4n tiedot helpommin seurattavaan muotoon, erityisesti k\u00e4ytt\u00e4jille, jotka navigoivat n\u00e4iss\u00e4 prosesseissa englanniksi.<\/p>\n\n\n\n<p>T\u00e4ss\u00e4 on mit\u00e4 l\u00f6yd\u00e4t sivustoltamme:<\/p>\n\n\n\n<p><strong>Kuratoituja ty\u00f6paikkailmoituksia kontekstin kera:<\/strong><\/p>\n\n\n\n<p>Seuraamme avoimia ty\u00f6paikkoja useilla eri aloilla terveydenhuollosta ja ammattitaidosta logistiikkaan ja IT-alaan. Jokaisen ilmoituksen relevanssi tarkistetaan ja ryhmitell\u00e4\u00e4n ammatin, alueen tai kokemustason mukaan. Selit\u00e4mme my\u00f6s, miten tietyt roolit toimivat Saksan ty\u00f6llisyyskehyksess\u00e4, mik\u00e4 tarjoaa kontekstikerroksen, jota monilta ilmoituksilta puuttuu.<\/p>\n\n\n\n<p><strong>Yksityiskohtaiset yleiskatsaukset koulutuksesta ja sertifikaateista:<\/strong><\/p>\n\n\n\n<p>Olitpa sitten kiinnostunut lyhyist\u00e4 osaamisen t\u00e4ydennyskursseista tai valtion tukemista uudelleenkoulutusohjelmista, erittelemme, kenelle ohjelmat on tarkoitettu, miten niihin p\u00e4\u00e4see mukaan ja mit\u00e4 odottaa. Kiinnit\u00e4mme tarkkaa huomiota saksalaisten ty\u00f6nantajien yleisesti pyyt\u00e4miin p\u00e4tevyystodistuksiin.<\/p>\n\n\n\n<p><strong>Oppaat ammatillisista prosesseista:<\/strong><\/p>\n\n\n\n<p>Toimituksemme tuottaa omaper\u00e4ist\u00e4 sis\u00e4lt\u00f6\u00e4, joka kattaa kaiken Saksan rekrytointistandardien mukaisen ansioluettelon rakentamisesta siihen, mit\u00e4 odottaa haastatteluun osallistuessa tai Blue Card -hakemusta tehdess\u00e4. Keskitymme aina auttamaan lukijoita eteenp\u00e4in ja tarjoamaan k\u00e4yt\u00e4nn\u00f6nl\u00e4heist\u00e4 tietoa.<\/p>\n\n\n\n<p><strong>Teknologia- ja peliarvostelut:<\/strong><\/p>\n\n\n\n<p>Julkaisemme riippumattomia arvosteluja ja tietoa teknologiasta ja peleist\u00e4 keskittyen k\u00e4yt\u00e4nn\u00f6n vinkkeihin \u2013 mik\u00e4 on aikasi arvoista, miten asiat toimivat ja mit\u00e4 kannattaa ottaa huomioon ennen ty\u00f6kalun, alustan tai pelikokemuksen k\u00e4ytt\u00f6\u00e4, ostamista tai niihin panostamista. Tarvittaessa k\u00e4sittelemme my\u00f6s digitaalisia tuotteita ja trendej\u00e4, jotka tukevat tuottavuutta, oppimista ja viihdett\u00e4.<\/p>\n\n\n\n<p>Emme aseta hierarkiaan, sponsoroi tai mainosta mit\u00e4\u00e4n tietty\u00e4 ty\u00f6mahdollisuutta. Jokainen ExploraFlyn ominaisuus on valittu relevanssin, selkeyden ja julkisen saatavuuden perusteella.<\/p>\n\n\n\n<h2 class=\"wp-block-heading\">Mit\u00e4 emme ole<\/h2>\n\n\n\n<p>On t\u00e4rke\u00e4\u00e4 erottaa toisistaan resurssina ja palveluntarjoajana toimiminen. ExploraFly ei tarjoa ty\u00f6paikkoja, hallinnoi hakemuksia tai toimi ty\u00f6nv\u00e4lityspalveluna. Meill\u00e4 ei ole kumppanuuksia tai kaupallisia yhteyksi\u00e4 sivustolla mainittuihin yrityksiin tai koulutuslaitoksiin.<\/p>\n\n\n\n<p>Sama p\u00e4tee teknologiaamme ja pelisis\u00e4lt\u00f6\u00f6mme: emme myy tuotteita, edusta julkaisijoita emmek\u00e4 ota vastaan maksullisia sijoituksia vastineeksi uutisoinnista.<\/p>\n\n\n\n<p>T\u00e4st\u00e4 syyst\u00e4 teemme seuraavat asiat selv\u00e4ksi:<\/p>\n\n\n\n<p><strong>Ty\u00f6paikkailmoitukset voivat muuttua tai kadota ilman erillist\u00e4 ilmoitusta:<\/strong><\/p>\n\n\n\n<p>Kaikki ExploraFlyssa esitellyt avoimet ty\u00f6paikat ovat per\u00e4isin ulkoisilta alustoilta. Jos ilmoitus poistetaan, t\u00e4ytet\u00e4\u00e4n tai sit\u00e4 muutetaan, emme ilmoita siit\u00e4 meille. K\u00e4ytt\u00e4jien tulee aina tarkistaa tiedot alkuper\u00e4isest\u00e4 l\u00e4hteest\u00e4 ennen jatkotoimiin ryhtymist\u00e4.<\/p>\n\n\n\n<p><strong>Emme vaikuta palkkausp\u00e4\u00e4t\u00f6ksiin:<\/strong><\/p>\n\n\n\n<p>Roolimme rajoittuu tiedon tarjoamiseen. Emme kommunikoi ty\u00f6nantajien kanssa, ker\u00e4\u00e4 hakijoiden tietoja emmek\u00e4 avusta haastatteluissa.<\/p>\n\n\n\n<p><strong>Kurssien ja koulutusten saatavuutta ei taata:<\/strong><\/p>\n\n\n\n<p>Vaikka pyrimme kuvailemaan jokaisen vaihtoehdon tarkasti, lopulliset ilmoittautumisp\u00e4\u00e4t\u00f6kset, hinnoittelu, vaatimukset ja ohjelmamuutokset ovat t\u00e4ysin koulutuksen tarjoajan tai oppilaitoksen harkinnassa.<\/p>\n\n\n\n<p><strong>Kannustamme vahvistamaan jokaisessa vaiheessa:<\/strong><\/p>\n\n\n\n<p>Jokainen viesti sis\u00e4lt\u00e4\u00e4 viittauksen alkuper\u00e4iseen l\u00e4hteeseen tai alustaan. Suosittelemme vahvasti varmistamaan kaikki tarjoukset tai vaatimukset suoraan kyseisen l\u00e4hteen kanssa ennen sitoutumista prosessiin tai arkaluonteisten tietojen l\u00e4hett\u00e4mist\u00e4.<\/p>\n\n\n\n<p>Arvostamme luottamustasi ja olemme sitoutuneet s\u00e4ilytt\u00e4m\u00e4\u00e4n sen selkeyden, ei lupausten, avulla.<\/p>\n\n\n\n<p><br><\/p>\n\n\n\n<h2 class=\"wp-block-heading\">Keskitymme: Saavutettavuus, tarkkuus ja riippumattomuus<\/h2>\n\n\n\n<p>ExploraFlyn tarkoituksena on tehd\u00e4 monimutkaisesta tiedosta ymm\u00e4rrett\u00e4v\u00e4mp\u00e4\u00e4 tinkim\u00e4tt\u00e4 sen merkityksest\u00e4. Olitpa sitten vastavalmistunut, ammattitaitoinen ty\u00f6ntekij\u00e4 tai uraasi uudelleen aloittava, uskomme, ett\u00e4 k\u00e4yt\u00e4nn\u00f6n tietoa ei pit\u00e4isi piilottaa ammattikielen taakse tai hajallaan eri j\u00e4rjestelmiss\u00e4.<\/p>\n\n\n\n<p>L\u00e4hestymistapaamme ohjaa kolme periaatetta:<\/p>\n\n\n\n<p><strong>Saavutettavuus:<\/strong><\/p>\n\n\n\n<p>Kirjoitamme selke\u00e4ll\u00e4 ja t\u00e4sm\u00e4llisell\u00e4 kielell\u00e4 lukijoille, jotka eiv\u00e4t ehk\u00e4 tunne Saksan byrokratiaa, mutta joiden on silti toimittava sen puitteissa. Olipa kyse sitten ty\u00f6paikkakoodien tulkinnasta tai koulutussetelien selitt\u00e4misest\u00e4, yhdist\u00e4mme politiikan ja k\u00e4ytett\u00e4vyyden.<\/p>\n\n\n\n<p><strong>Tarkkuus:<\/strong><\/p>\n\n\n\n<p>Vaikka emme voi taata reaaliaikaisia p\u00e4ivityksi\u00e4 jokaiselle listaukselle, tarkistamme kaiken sis\u00e4ll\u00f6n oikeellisuuden ennen julkaisua. Tarvittaessa sis\u00e4llyt\u00e4mme julkaisup\u00e4iv\u00e4m\u00e4\u00e4r\u00e4t ja alkuper\u00e4iset l\u00e4hteet auttaaksemme k\u00e4ytt\u00e4ji\u00e4 arvioimaan tietojen ajantasaisuutta.<\/p>\n\n\n\n<p><strong>Itsen\u00e4isyys:<\/strong><\/p>\n\n\n\n<p>Emme hyv\u00e4ksy maksuja ty\u00f6paikkojen, kurssien, palveluiden, tuotteiden tai peleihin liittyv\u00e4n sis\u00e4ll\u00f6n esittelyst\u00e4. Toimitukselliset valintamme perustuvat niiden merkityksellisyyteen ja hy\u00f6dyllisyyteen lukijoillemme \u2013 eiv\u00e4t kaupallisiin etuihin tai ulkopuoliseen vaikutukseen.<\/p>\n\n\n\n<p>Emme k\u00e4yt\u00e4 mainontaa miss\u00e4\u00e4n sis\u00e4ll\u00f6ss\u00e4mme. Et l\u00f6yd\u00e4 liioiteltua kielt\u00e4 tai lupauksia menestyksest\u00e4. L\u00f6yd\u00e4t tietoa, joka auttaa sinua tekem\u00e4\u00e4n parempia valintoja omien tavoitteidesi ja tilanteesi perusteella.<\/p>\n\n\n\n<h2 class=\"wp-block-heading\">K\u00e4yt\u00e4nn\u00f6llinen ty\u00f6kalu oikeille markkinoille ja \u00e4lykk\u00e4\u00e4mp\u00e4\u00e4n digitaaliseen el\u00e4m\u00e4\u00e4n<\/h2>\n\n\n\n<p>Saksan ammatillinen maisema on t\u00e4ynn\u00e4 potentiaalia \u2013 mutta my\u00f6s t\u00e4ynn\u00e4 k\u00e4yt\u00e4nt\u00f6j\u00e4. Monille vaikein osa on tiet\u00e4\u00e4, mist\u00e4 aloittaa. ExploraFlyssa ker\u00e4\u00e4mme jo julkista tietoa ja teemme siit\u00e4 helpommin ymm\u00e4rrett\u00e4v\u00e4\u00e4, jotta k\u00e4ytt\u00e4j\u00e4t voivat keskitty\u00e4 v\u00e4hemm\u00e4n etsimiseen ja enemm\u00e4n hakemiseen, oppimiseen ja kehittymiseen.<\/p>\n\n\n\n<p>Ja koska ty\u00f6 ja oppiminen ovat yh\u00e4 enemm\u00e4n riippuvaisia digitaalisesta maailmasta, julkaisemme sis\u00e4lt\u00f6\u00e4 my\u00f6s urasuunnittelun ulkopuolella \u2013 erityisesti arvosteluja ja oppaita teknologiasta ja peleist\u00e4. Hy\u00f6dyllisist\u00e4 ty\u00f6kaluista ja alustoista aina aikaasi arvoisiin pelikokemuksiin asti autamme lukijoita tekem\u00e4\u00e4n tietoisempia valintoja samalla painotuksella selkeyteen, kontekstiin ja itsen\u00e4isyyteen.<\/p>\n\n\n\n<p>Et l\u00f6yd\u00e4 t\u00e4\u00e4lt\u00e4 oikoteit\u00e4 \u2013 olemme vain sitoutuneet auttamaan sinua navigoimaan jo ennest\u00e4\u00e4n monimutkaisessa j\u00e4rjestelm\u00e4ss\u00e4 paremman n\u00e4kyvyyden avulla. Jos opas auttaa sinua j\u00e4sent\u00e4m\u00e4\u00e4n seuraavan ty\u00f6hakemuksesi, tunnistamaan oikean p\u00e4tevyyden uranvaihtoa varten tai jopa valitsemaan oikean teknologia- tai pelikokemuksen tavoitteidesi ja rutiiniesi mukaan, olemme tehneet osamme.<\/p>\n\n\n\n<p>Jos haluat ehdottaa aiheita, korjata yksityiskohtia tai esitt\u00e4\u00e4 kysymyksen, otamme mielell\u00e4mme palautettasi vastaan. N\u00e4emme t\u00e4m\u00e4n alustan kehittyv\u00e4n\u00e4 tilana, jota muokkaavat sit\u00e4 k\u00e4ytt\u00e4vien tarpeet.<\/p>","protected":false},"excerpt":{"rendered":"<p>ExploraFly on itsen\u00e4inen alusta, joka on omistautunut tarjoamaan relevanttia ja ajantasaista tietoa ty\u00f6mahdollisuuksista ja ammatillisesta koulutusvaihtoehdoista Saksassa. Tavoitteenamme on yhdist\u00e4\u00e4 yksil\u00f6t julkisiin resursseihin, jotka tukevat urakehityst\u00e4, toimimatta rekrytoijana, ty\u00f6nantajana tai koulutuksen tarjoajana. Kaikki verkkosivustollamme n\u00e4kem\u00e4si on kuratoitu julkisesti saatavilla olevista l\u00e4hteist\u00e4, ja se on valittu [\u2026]<\/p>","protected":false},"author":40,"featured_media":0,"parent":0,"menu_order":0,"comment_status":"closed","ping_status":"closed","template":"","meta":{"_uag_custom_page_level_css":"","site-sidebar-layout":"default","site-content-layout":"","ast-site-content-layout":"default","site-content-style":"default","site-sidebar-style":"default","ast-global-header-display":"","ast-banner-title-visibility":"","ast-main-header-display":"","ast-hfb-above-header-display":"","ast-hfb-below-header-display":"","ast-hfb-mobile-header-display":"","site-post-title":"","ast-breadcrumbs-content":"","ast-featured-img":"","footer-sml-layout":"","theme-transparent-header-meta":"","adv-header-id-meta":"","stick-header-meta":"","header-above-stick-meta":"","header-main-stick-meta":"","header-below-stick-meta":"","astra-migrate-meta-layouts":"set","ast-page-background-enabled":"default","ast-page-background-meta":{"desktop":{"background-color":"var(--ast-global-color-4)","background-image":"","background-repeat":"repeat","background-position":"center center","background-size":"auto","background-attachment":"scroll","background-type":"","background-media":"","overlay-type":"","overlay-color":"","overlay-opacity":"","overlay-gradient":""},"tablet":{"background-color":"","background-image":"","background-repeat":"repeat","background-position":"center center","background-size":"auto","background-attachment":"scroll","background-type":"","background-media":"","overlay-type":"","overlay-color":"","overlay-opacity":"","overlay-gradient":""},"mobile":{"background-color":"","background-image":"","background-repeat":"repeat","background-position":"center center","background-size":"auto","background-attachment":"scroll","background-type":"","background-media":"","overlay-type":"","overlay-color":"","overlay-opacity":"","overlay-gradient":""}},"ast-content-background-meta":{"desktop":{"background-color":"var(--ast-global-color-5)","background-image":"","background-repeat":"repeat","background-position":"center center","background-size":"auto","background-attachment":"scroll","background-type":"","background-media":"","overlay-type":"","overlay-color":"","overlay-opacity":"","overlay-gradient":""},"tablet":{"background-color":"var(--ast-global-color-5)","background-image":"","background-repeat":"repeat","background-position":"center center","background-size":"auto","background-attachment":"scroll","background-type":"","background-media":"","overlay-type":"","overlay-color":"","overlay-opacity":"","overlay-gradient":""},"mobile":{"background-color":"var(--ast-global-color-5)","background-image":"","background-repeat":"repeat","background-position":"center center","background-size":"auto","background-attachment":"scroll","background-type":"","background-media":"","overlay-type":"","overlay-color":"","overlay-opacity":"","overlay-gradient":""}},"footnotes":""},"yoast_head":"<!-- This site is optimized with the Yoast SEO plugin v23.3 - https:\/\/yoast.com\/wordpress\/plugins\/seo\/ -->\n<title>About - explorafly<\/title>\n<meta name=\"robots\" content=\"index, follow, max-snippet:-1, max-image-preview:large, max-video-preview:-1\" \/>\n<link rel=\"canonical\" href=\"https:\/\/explorafly.com\/fi\/about\/\" \/>\n<meta property=\"og:locale\" content=\"fi_FI\" \/>\n<meta property=\"og:type\" content=\"article\" \/>\n<meta property=\"og:title\" content=\"About - explorafly\" \/>\n<meta property=\"og:description\" content=\"ExploraFly is an independent platform dedicated to providing relevant, up-to-date information about employment opportunities and professional training options in Germany. We aim to connect individuals with public resources that support career development, without acting as a recruiter, employer, or training provider. Everything you see on our website is curated from publicly available sources, selected with [&hellip;]\" \/>\n<meta property=\"og:url\" content=\"https:\/\/explorafly.com\/fi\/about\/\" \/>\n<meta property=\"og:site_name\" content=\"explorafly\" \/>\n<meta property=\"article:modified_time\" content=\"2025-12-15T12:37:35+00:00\" \/>\n<meta name=\"twitter:card\" content=\"summary_large_image\" \/>\n<meta name=\"twitter:label1\" content=\"Est. reading time\" \/>\n\t<meta name=\"twitter:data1\" content=\"5 minuuttia\" \/>\n<script type=\"application\/ld+json\" class=\"yoast-schema-graph\">{\"@context\":\"https:\/\/schema.org\",\"@graph\":[{\"@type\":\"WebPage\",\"@id\":\"https:\/\/explorafly.com\/about\/\",\"url\":\"https:\/\/explorafly.com\/about\/\",\"name\":\"About - explorafly\",\"isPartOf\":{\"@id\":\"https:\/\/explorafly.com\/#website\"},\"datePublished\":\"2025-07-16T03:17:56+00:00\",\"dateModified\":\"2025-12-15T12:37:35+00:00\",\"breadcrumb\":{\"@id\":\"https:\/\/explorafly.com\/about\/#breadcrumb\"},\"inLanguage\":\"fi\",\"potentialAction\":[{\"@type\":\"ReadAction\",\"target\":[\"https:\/\/explorafly.com\/about\/\"]}]},{\"@type\":\"BreadcrumbList\",\"@id\":\"https:\/\/explorafly.com\/about\/#breadcrumb\",\"itemListElement\":[{\"@type\":\"ListItem\",\"position\":1,\"name\":\"Home\",\"item\":\"https:\/\/explorafly.com\/\"},{\"@type\":\"ListItem\",\"position\":2,\"name\":\"About\"}]},{\"@type\":\"WebSite\",\"@id\":\"https:\/\/explorafly.com\/#website\",\"url\":\"https:\/\/explorafly.com\/\",\"name\":\"explorafly\",\"description\":\"\",\"publisher\":{\"@id\":\"https:\/\/explorafly.com\/#organization\"},\"potentialAction\":[{\"@type\":\"SearchAction\",\"target\":{\"@type\":\"EntryPoint\",\"urlTemplate\":\"https:\/\/explorafly.com\/?s={search_term_string}\"},\"query-input\":\"required name=search_term_string\"}],\"inLanguage\":\"fi\"},{\"@type\":\"Organization\",\"@id\":\"https:\/\/explorafly.com\/#organization\",\"name\":\"explorafly\",\"url\":\"https:\/\/explorafly.com\/\",\"logo\":{\"@type\":\"ImageObject\",\"inLanguage\":\"fi\",\"@id\":\"https:\/\/explorafly.com\/#\/schema\/logo\/image\/\",\"url\":\"https:\/\/explorafly.com\/wp-content\/uploads\/sites\/40\/2025\/09\/cropped-logo2.jpg\",\"contentUrl\":\"https:\/\/explorafly.com\/wp-content\/uploads\/sites\/40\/2025\/09\/cropped-logo2.jpg\",\"width\":931,\"height\":1080,\"caption\":\"explorafly\"},\"image\":{\"@id\":\"https:\/\/explorafly.com\/#\/schema\/logo\/image\/\"}}]}<\/script>\n<!-- \/ Yoast SEO plugin. -->","yoast_head_json":{"title":"About - explorafly","robots":{"index":"index","follow":"follow","max-snippet":"max-snippet:-1","max-image-preview":"max-image-preview:large","max-video-preview":"max-video-preview:-1"},"canonical":"https:\/\/explorafly.com\/fi\/about\/","og_locale":"fi_FI","og_type":"article","og_title":"About - explorafly","og_description":"ExploraFly is an independent platform dedicated to providing relevant, up-to-date information about employment opportunities and professional training options in Germany. We aim to connect individuals with public resources that support career development, without acting as a recruiter, employer, or training provider. Everything you see on our website is curated from publicly available sources, selected with [&hellip;]","og_url":"https:\/\/explorafly.com\/fi\/about\/","og_site_name":"explorafly","article_modified_time":"2025-12-15T12:37:35+00:00","twitter_card":"summary_large_image","twitter_misc":{"Est. reading time":"5 minuuttia"},"schema":{"@context":"https:\/\/schema.org","@graph":[{"@type":"WebPage","@id":"https:\/\/explorafly.com\/about\/","url":"https:\/\/explorafly.com\/about\/","name":"About - explorafly","isPartOf":{"@id":"https:\/\/explorafly.com\/#website"},"datePublished":"2025-07-16T03:17:56+00:00","dateModified":"2025-12-15T12:37:35+00:00","breadcrumb":{"@id":"https:\/\/explorafly.com\/about\/#breadcrumb"},"inLanguage":"fi","potentialAction":[{"@type":"ReadAction","target":["https:\/\/explorafly.com\/about\/"]}]},{"@type":"BreadcrumbList","@id":"https:\/\/explorafly.com\/about\/#breadcrumb","itemListElement":[{"@type":"ListItem","position":1,"name":"Home","item":"https:\/\/explorafly.com\/"},{"@type":"ListItem","position":2,"name":"About"}]},{"@type":"WebSite","@id":"https:\/\/explorafly.com\/#website","url":"https:\/\/explorafly.com\/","name":"explorafly","description":"","publisher":{"@id":"https:\/\/explorafly.com\/#organization"},"potentialAction":[{"@type":"SearchAction","target":{"@type":"EntryPoint","urlTemplate":"https:\/\/explorafly.com\/?s={search_term_string}"},"query-input":"required name=search_term_string"}],"inLanguage":"fi"},{"@type":"Organization","@id":"https:\/\/explorafly.com\/#organization","name":"explorafly","url":"https:\/\/explorafly.com\/","logo":{"@type":"ImageObject","inLanguage":"fi","@id":"https:\/\/explorafly.com\/#\/schema\/logo\/image\/","url":"https:\/\/explorafly.com\/wp-content\/uploads\/sites\/40\/2025\/09\/cropped-logo2.jpg","contentUrl":"https:\/\/explorafly.com\/wp-content\/uploads\/sites\/40\/2025\/09\/cropped-logo2.jpg","width":931,"height":1080,"caption":"explorafly"},"image":{"@id":"https:\/\/explorafly.com\/#\/schema\/logo\/image\/"}}]}},"uagb_featured_image_src":{"full":false,"thumbnail":false,"medium":false,"medium_large":false,"large":false,"1536x1536":false,"2048x2048":false,"trp-custom-language-flag":false},"uagb_author_info":{"display_name":"pontesingrid25","author_link":"https:\/\/explorafly.com\/fi\/author\/pontesingrid25\/"},"uagb_comment_info":0,"uagb_excerpt":"ExploraFly is an independent platform dedicated to providing relevant, up-to-date information about employment opportunities and professional training options in Germany. We aim to connect individuals with public resources that support career development, without acting as a recruiter, employer, or training provider. Everything you see on our website is curated from publicly available sources, selected with&hellip;","_links":{"self":[{"href":"https:\/\/explorafly.com\/fi\/wp-json\/wp\/v2\/pages\/448"}],"collection":[{"href":"https:\/\/explorafly.com\/fi\/wp-json\/wp\/v2\/pages"}],"about":[{"href":"https:\/\/explorafly.com\/fi\/wp-json\/wp\/v2\/types\/page"}],"author":[{"embeddable":true,"href":"https:\/\/explorafly.com\/fi\/wp-json\/wp\/v2\/users\/40"}],"replies":[{"embeddable":true,"href":"https:\/\/explorafly.com\/fi\/wp-json\/wp\/v2\/comments?post=448"}],"version-history":[{"count":4,"href":"https:\/\/explorafly.com\/fi\/wp-json\/wp\/v2\/pages\/448\/revisions"}],"predecessor-version":[{"id":2539,"href":"https:\/\/explorafly.com\/fi\/wp-json\/wp\/v2\/pages\/448\/revisions\/2539"}],"wp:attachment":[{"href":"https:\/\/explorafly.com\/fi\/wp-json\/wp\/v2\/media?parent=448"}],"curies":[{"name":"wp","href":"https:\/\/api.w.org\/{rel}","templated":true}]}}