{"id":429,"date":"2025-07-08T16:18:50","date_gmt":"2025-07-08T16:18:50","guid":{"rendered":"https:\/\/explorafly.com\/home\/"},"modified":"2025-09-16T17:18:08","modified_gmt":"2025-09-16T17:18:08","slug":"home","status":"publish","type":"page","link":"https:\/\/explorafly.com\/it\/","title":{"rendered":"Casa"},"content":{"rendered":"<div class=\"wp-block-uagb-container uagb-block-a28347b6 alignfull uagb-is-root-container\"><div class=\"uagb-container-inner-blocks-wrap\">\n<div class=\"wp-block-uagb-info-box uagb-block-6357f7e6 uagb-infobox__content-wrap  uagb-infobox-icon-above-title uagb-infobox-image-valign-top wp-block-uagb-info-box--has-margin\"><div class=\"uagb-infobox-margin-wrapper\"><div class=\"uagb-ifb-content\"><div class=\"uagb-ifb-title-wrap\"><h1 class=\"uagb-ifb-title\">Scopri le migliori app e approfondimenti tecnologici per la tua carriera<\/h1><\/div><div class=\"uagb-ifb-button-wrapper wp-block-button\"><a href=\"https:\/\/explorafly.com\/it\/category\/job-market-trends\/\" class=\"uagb-infobox-cta-link wp-block-button__link\" target=\"_self\" rel=\"noopener noreferrer\"><span class=\"uagb-inline-editing\">esplorare<\/span><\/a><\/div><\/div><\/div><\/div>\n<\/div><\/div>\n\n\n\n<div class=\"wp-block-uagb-container uagb-block-06fffa5e alignfull uagb-is-root-container\"><div class=\"uagb-container-inner-blocks-wrap\">\n<h2 class=\"wp-block-heading has-ast-global-color-5-color has-text-color has-link-color wp-elements-0ea39fa8c4c6b2830cfb7828594dffc4\">Rimani aggiornato<\/h2>\n\n\n\n<div class=\"wp-block-uagb-container uagb-layout-grid uagb-block-20f60053 alignfull uagb-is-root-container\"><div class=\"uagb-container-inner-blocks-wrap\">\n<div class=\"wp-block-uagb-info-box uagb-block-c4764eda uagb-infobox__content-wrap  uagb-infobox-icon-above-title uagb-infobox-image-valign-top wp-block-uagb-info-box--has-margin\"><div class=\"uagb-infobox-margin-wrapper\"><div class=\"uagb-ifb-content\"><div class=\"uagb-ifb-title-wrap\"><h4 class=\"uagb-ifb-title\">Tecnologia e carriere<\/h4><\/div><p class=\"uagb-ifb-desc\">Rimani aggiornato sulle ultime innovazioni e tendenze tecnologiche e sfruttale per dare una spinta alla tua carriera.<\/p><\/div><\/div><\/div>\n\n\n\n<div class=\"wp-block-uagb-info-box uagb-block-b3afdc8c uagb-infobox__content-wrap  uagb-infobox-icon-above-title uagb-infobox-image-valign-top wp-block-uagb-info-box--has-margin\"><div class=\"uagb-infobox-margin-wrapper\"><div class=\"uagb-ifb-content\"><div class=\"uagb-ifb-title-wrap\"><h4 class=\"uagb-ifb-title\">Applicazioni<\/h4><\/div><p class=\"uagb-ifb-desc\">Scopri le migliori app, recensioni approfondite e suggerimenti per ottimizzare il tuo smartphone e aumentare la tua produttivit\u00e0.<br><\/p><\/div><\/div><\/div>\n\n\n\n<div class=\"wp-block-uagb-info-box uagb-block-f7c8e088 uagb-infobox__content-wrap  uagb-infobox-icon-above-title uagb-infobox-image-valign-top wp-block-uagb-info-box--has-margin\"><div class=\"uagb-infobox-margin-wrapper\"><div class=\"uagb-ifb-content\"><div class=\"uagb-ifb-title-wrap\"><h4 class=\"uagb-ifb-title\">Giochi<\/h4><\/div><p class=\"uagb-ifb-desc\">Entra nel mondo dei videogiochi con recensioni, guide, notizie e tutto ci\u00f2 che riguarda i giochi che stanno conquistando il mercato.<br><a href=\"https:\/\/websitedemos.net\/professional-services-02\/?customize_changeset_uuid=d8b36c07-94c8-45b3-8f93-173af52981d1&amp;customize_theme=astra&amp;customize_messenger_channel=preview-0#\"><\/a><\/p><\/div><\/div><\/div>\n<\/div><\/div>\n<\/div><\/div>\n\n\n\n<div class=\"wp-block-uagb-container uagb-block-5a9ca893 alignfull uagb-is-root-container\"><div class=\"uagb-container-inner-blocks-wrap\">\n<div class=\"wp-block-uagb-container uagb-layout-grid uagb-block-a68b7546 alignfull uagb-is-root-container\"><div class=\"uagb-container-inner-blocks-wrap\">\n<div class=\"wp-block-uagb-image uagb-block-b654844f wp-block-uagb-image--layout-default wp-block-uagb-image--effect-static wp-block-uagb-image--align-none\"><figure class=\"wp-block-uagb-image__figure\"><img decoding=\"async\" src=\"https:\/\/explorafly.com\/wp-content\/uploads\/sites\/40\/2025\/09\/explorafly2-1-1024x576.jpg\" alt=\"\" class=\"uag-image-632\" width=\"600\" height=\"480\" title=\"esplorafly2-1\" loading=\"lazy\" role=\"img\" \/><\/figure><\/div>\n\n\n\n<div class=\"wp-block-uagb-info-box uagb-block-87795900 uagb-infobox__content-wrap  uagb-infobox-icon-above-title uagb-infobox-image-valign-top\"><div class=\"uagb-ifb-content\"><div class=\"uagb-ifb-title-wrap\"><h2 class=\"uagb-ifb-title\">Collegare la curiosit\u00e0 con l&#039;opportunit\u00e0<\/h2><\/div><p class=\"uagb-ifb-desc\">ExploraFly \u00e8 molto pi\u00f9 di una semplice piattaforma tecnologica: siamo il punto d&#039;incontro tra curiosit\u00e0 e opportunit\u00e0 nel mondo digitale.<br>Nata dalla passione per l&#039;innovazione e dalla spinta a democratizzare la conoscenza tecnologica, la nostra missione \u00e8 quella di mettere in contatto le persone con le scoperte pi\u00f9 rilevanti nel mondo digitale: dalle app che semplificano la vita ai giochi di tendenza, fino alle intuizioni che trasformano le carriere.<\/p><\/div><\/div>\n<\/div><\/div>\n\n\n\n<div class=\"wp-block-uagb-separator uagb-block-7bf2fcc9\"><div class=\"wp-block-uagb-separator__inner\" style=\"--my-background-image:\"><\/div><\/div>\n\n\n\n<h2 class=\"wp-block-heading\">Ultimi post<\/h2>\n\n\n\n\t\t\t<div class=\"wp-block-uagb-post-carousel uagb-post-grid  uagb-post__image-position-top uagb-post__image-enabled uagb-block-74a7ba73     uagb-post__arrow-outside uagb-post__items uagb-post__columns-3 is-carousel uagb-post__columns-tablet-2 uagb-post__columns-mobile-1\" data-total=\"18\" style=\"\">\n\n\t\t\t\t\t\t\t\t\t\t\t\t<article class=\"uagb-post__inner-wrap\">\t\t\t\t\t\t\t\t<div class='uagb-post__image'>\n\t\t\t\t\t\t\t\t\t<a href=\"https:\/\/explorafly.com\/it\/roblox\/\" target=\"_self\" rel=\"bookmark noopener noreferrer\"><img loading=\"lazy\" decoding=\"async\" width=\"1024\" height=\"576\" src=\"https:\/\/explorafly.com\/wp-content\/uploads\/sites\/40\/2025\/09\/roblox-playstore-1024x576.jpg\" class=\"attachment-large size-large\" alt=\"\" srcset=\"https:\/\/explorafly.com\/wp-content\/uploads\/sites\/40\/2025\/09\/roblox-playstore-1024x576.jpg 1024w, https:\/\/explorafly.com\/wp-content\/uploads\/sites\/40\/2025\/09\/roblox-playstore-300x169.jpg 300w, https:\/\/explorafly.com\/wp-content\/uploads\/sites\/40\/2025\/09\/roblox-playstore-768x432.jpg 768w, https:\/\/explorafly.com\/wp-content\/uploads\/sites\/40\/2025\/09\/roblox-playstore-1536x864.jpg 1536w, https:\/\/explorafly.com\/wp-content\/uploads\/sites\/40\/2025\/09\/roblox-playstore-18x10.jpg 18w, https:\/\/explorafly.com\/wp-content\/uploads\/sites\/40\/2025\/09\/roblox-playstore.jpg 1920w\" sizes=\"(max-width: 1024px) 100vw, 1024px\" \/>\t\t\t\t\t<\/a>\n\t\t\t\t\t\t\t\t\t<\/div>\n\t\t\t\t\t\t<h4 class=\"uagb-post__title uagb-post__text\">\n\t\t\t\t<a href=\"https:\/\/explorafly.com\/it\/roblox\/\" target=\"_self\" rel=\"bookmark noopener noreferrer\">Come ottenere robux e codici promozionali su Roblox: guida completa per i giocatori<\/a>\n\t\t\t<\/h4>\n\t\t\t\t\t\t<div class='uagb-post__text uagb-post-grid-byline'>\n\t\t\t\t\t\t\t<\/div>\n\t\t\t\t\t\t\t<div class='uagb-post__text uagb-post__excerpt'>\n\t\t\t\t\t<p>Immagina di accedere a Roblox con un avatar folle che fa s\u00ec che tutti si fermino a guardarti. Immagina...\t\t\t\t<\/div>\n\t\t\t\t\t\t<div class=\"uagb-post__text uagb-post__cta wp-block-button\">\n\t\t\t\t<a class=\"wp-block-button__link uagb-text-link\" style=\"\" href=\"https:\/\/explorafly.com\/it\/roblox\/\" target=\"_self\" rel=\"bookmark noopener noreferrer\">Per saperne di pi\u00f9<\/a>\n\t\t\t<\/div>\n\t\t\t\n\t\t\t\t\t\t\t\t\t<\/article>\n\t\t\t\t\t\t\t\t\t\t\t\t\t\t\t\t<article class=\"uagb-post__inner-wrap\">\t\t\t\t\t\t\t\t<div class='uagb-post__image'>\n\t\t\t\t\t\t\t\t\t<a href=\"https:\/\/explorafly.com\/it\/freefire\/\" target=\"_self\" rel=\"bookmark noopener noreferrer\"><img loading=\"lazy\" decoding=\"async\" width=\"1024\" height=\"576\" src=\"https:\/\/explorafly.com\/wp-content\/uploads\/sites\/40\/2025\/08\/freefire4-1024x576.jpg\" class=\"attachment-large size-large\" alt=\"\" srcset=\"https:\/\/explorafly.com\/wp-content\/uploads\/sites\/40\/2025\/08\/freefire4-1024x576.jpg 1024w, https:\/\/explorafly.com\/wp-content\/uploads\/sites\/40\/2025\/08\/freefire4-300x169.jpg 300w, https:\/\/explorafly.com\/wp-content\/uploads\/sites\/40\/2025\/08\/freefire4-768x432.jpg 768w, https:\/\/explorafly.com\/wp-content\/uploads\/sites\/40\/2025\/08\/freefire4-1536x864.jpg 1536w, https:\/\/explorafly.com\/wp-content\/uploads\/sites\/40\/2025\/08\/freefire4.jpg 1920w\" sizes=\"(max-width: 1024px) 100vw, 1024px\" \/>\t\t\t\t\t<\/a>\n\t\t\t\t\t\t\t\t\t<\/div>\n\t\t\t\t\t\t<h4 class=\"uagb-post__title uagb-post__text\">\n\t\t\t\t<a href=\"https:\/\/explorafly.com\/it\/freefire\/\" target=\"_self\" rel=\"bookmark noopener noreferrer\">Tutto su Free Fire nel 2025: la tua guida definitiva per padroneggiare il gioco<\/a>\n\t\t\t<\/h4>\n\t\t\t\t\t\t<div class='uagb-post__text uagb-post-grid-byline'>\n\t\t\t\t\t\t\t<\/div>\n\t\t\t\t\t\t\t<div class='uagb-post__text uagb-post__excerpt'>\n\t\t\t\t\t<p>Pronto a raggiungere il massimo livello in Free Fire? Questa guida completa ti insegner\u00e0 esattamente...\t\t\t\t<\/div>\n\t\t\t\t\t\t<div class=\"uagb-post__text uagb-post__cta wp-block-button\">\n\t\t\t\t<a class=\"wp-block-button__link uagb-text-link\" style=\"\" href=\"https:\/\/explorafly.com\/it\/freefire\/\" target=\"_self\" rel=\"bookmark noopener noreferrer\">Per saperne di pi\u00f9<\/a>\n\t\t\t<\/div>\n\t\t\t\n\t\t\t\t\t\t\t\t\t<\/article>\n\t\t\t\t\t\t\t\t\t\t\t\t\t\t\t\t<article class=\"uagb-post__inner-wrap\">\t\t\t\t\t\t\t\t<div class='uagb-post__image'>\n\t\t\t\t\t\t\t\t\t<a href=\"https:\/\/explorafly.com\/it\/navigating-germanys-evolving-labor-market-key-factors-at-play\/\" target=\"_self\" rel=\"bookmark noopener noreferrer\"><img loading=\"lazy\" decoding=\"async\" width=\"525\" height=\"350\" src=\"https:\/\/explorafly.com\/wp-content\/uploads\/sites\/40\/2025\/07\/Scrabble-tiles-forming-the-phrase-Labor-Day-on-a-green-surface-symbolizing-the-holiday.jpg\" class=\"attachment-large size-large\" alt=\"Scrabble tiles forming the phrase &quot;Labor Day&quot; on a green surface, symbolizing the holiday.\" srcset=\"https:\/\/explorafly.com\/wp-content\/uploads\/sites\/40\/2025\/07\/Scrabble-tiles-forming-the-phrase-Labor-Day-on-a-green-surface-symbolizing-the-holiday.jpg 525w, https:\/\/explorafly.com\/wp-content\/uploads\/sites\/40\/2025\/07\/Scrabble-tiles-forming-the-phrase-Labor-Day-on-a-green-surface-symbolizing-the-holiday-300x200.jpg 300w\" sizes=\"(max-width: 525px) 100vw, 525px\" \/>\t\t\t\t\t<\/a>\n\t\t\t\t\t\t\t\t\t<\/div>\n\t\t\t\t\t\t<h4 class=\"uagb-post__title uagb-post__text\">\n\t\t\t\t<a href=\"https:\/\/explorafly.com\/it\/navigating-germanys-evolving-labor-market-key-factors-at-play\/\" target=\"_self\" rel=\"bookmark noopener noreferrer\">Orientarsi nel mercato del lavoro tedesco in evoluzione: fattori chiave in gioco<\/a>\n\t\t\t<\/h4>\n\t\t\t\t\t\t<div class='uagb-post__text uagb-post-grid-byline'>\n\t\t\t\t\t\t\t<\/div>\n\t\t\t\t\t\t\t<div class='uagb-post__text uagb-post__excerpt'>\n\t\t\t\t\tScopri i fattori chiave che caratterizzano il panorama occupazionale in Germania, tra cui le leggi sull&#039;immigrazione, le riforme dell&#039;istruzione e il lavoro...\t\t\t\t<\/div>\n\t\t\t\t\t\t<div class=\"uagb-post__text uagb-post__cta wp-block-button\">\n\t\t\t\t<a class=\"wp-block-button__link uagb-text-link\" style=\"\" href=\"https:\/\/explorafly.com\/it\/navigating-germanys-evolving-labor-market-key-factors-at-play\/\" target=\"_self\" rel=\"bookmark noopener noreferrer\">Per saperne di pi\u00f9<\/a>\n\t\t\t<\/div>\n\t\t\t\n\t\t\t\t\t\t\t\t\t<\/article>\n\t\t\t\t\t\t\t\t\t\t\t<\/div>\n\t\t\t<\/div><\/div>\n\n\n\n<div class=\"wp-block-uagb-container uagb-block-05fd2311 alignfull uagb-is-root-container\"><div class=\"uagb-container-inner-blocks-wrap\">\n<h2 class=\"wp-block-heading has-ast-global-color-5-color has-text-color has-link-color wp-elements-c6c19ae21b13e7bac83ff5780e089ad9\">Ultime novit\u00e0 in ambito tecnologico<\/h2>\n\n\n\n<p class=\"has-ast-global-color-5-color has-text-color has-link-color wp-elements-ccdde6c8ee3ebec9c2d5b0bf23e50b94\">Rimani aggiornato sugli sviluppi chiave che plasmano il futuro della tecnologia. Il nostro team seleziona ogni giorno le notizie pi\u00f9 rilevanti e di impatto del settore, analizzandone il potenziale trasformativo e le opportunit\u00e0 che possono creare.<\/p>\n<\/div><\/div>\n\n\n\n<p><\/p>","protected":false},"excerpt":{"rendered":"<p>Rimani aggiornato Ultimi post Ultime notizie tecnologiche Rimani aggiornato sugli sviluppi chiave che plasmano il futuro della tecnologia. Il nostro team seleziona ogni giorno le notizie pi\u00f9 rilevanti e di impatto del settore, analizzandone il potenziale trasformativo e le opportunit\u00e0 che possono creare.<\/p>","protected":false},"author":3,"featured_media":0,"parent":0,"menu_order":0,"comment_status":"closed","ping_status":"closed","template":"","meta":{"_uag_custom_page_level_css":"","site-sidebar-layout":"no-sidebar","site-content-layout":"plain-container","ast-site-content-layout":"normal-width-container","site-content-style":"unboxed","site-sidebar-style":"unboxed","ast-global-header-display":"","ast-banner-title-visibility":"","ast-main-header-display":"","ast-hfb-above-header-display":"","ast-hfb-below-header-display":"","ast-hfb-mobile-header-display":"","site-post-title":"disabled","ast-breadcrumbs-content":"","ast-featured-img":"","footer-sml-layout":"","theme-transparent-header-meta":"default","adv-header-id-meta":"","stick-header-meta":"","header-above-stick-meta":"","header-main-stick-meta":"","header-below-stick-meta":"","astra-migrate-meta-layouts":"set","ast-page-background-enabled":"default","ast-page-background-meta":{"desktop":{"background-color":"var(--ast-global-color-4)","background-image":"","background-repeat":"repeat","background-position":"center center","background-size":"auto","background-attachment":"scroll","background-type":"","background-media":"","overlay-type":"","overlay-color":"","overlay-opacity":"","overlay-gradient":""},"tablet":{"background-color":"","background-image":"","background-repeat":"repeat","background-position":"center center","background-size":"auto","background-attachment":"scroll","background-type":"","background-media":"","overlay-type":"","overlay-color":"","overlay-opacity":"","overlay-gradient":""},"mobile":{"background-color":"","background-image":"","background-repeat":"repeat","background-position":"center center","background-size":"auto","background-attachment":"scroll","background-type":"","background-media":"","overlay-type":"","overlay-color":"","overlay-opacity":"","overlay-gradient":""}},"ast-content-background-meta":{"desktop":{"background-color":"var(--ast-global-color-5)","background-image":"","background-repeat":"repeat","background-position":"center center","background-size":"auto","background-attachment":"scroll","background-type":"","background-media":"","overlay-type":"","overlay-color":"","overlay-opacity":"","overlay-gradient":""},"tablet":{"background-color":"var(--ast-global-color-5)","background-image":"","background-repeat":"repeat","background-position":"center center","background-size":"auto","background-attachment":"scroll","background-type":"","background-media":"","overlay-type":"","overlay-color":"","overlay-opacity":"","overlay-gradient":""},"mobile":{"background-color":"var(--ast-global-color-5)","background-image":"","background-repeat":"repeat","background-position":"center center","background-size":"auto","background-attachment":"scroll","background-type":"","background-media":"","overlay-type":"","overlay-color":"","overlay-opacity":"","overlay-gradient":""}},"footnotes":""},"yoast_head":"<!-- This site is optimized with the Yoast SEO plugin v23.3 - https:\/\/yoast.com\/wordpress\/plugins\/seo\/ -->\n<title>Home - explorafly<\/title>\n<meta name=\"robots\" content=\"index, follow, max-snippet:-1, max-image-preview:large, max-video-preview:-1\" \/>\n<link rel=\"canonical\" href=\"https:\/\/explorafly.com\/it\/\" \/>\n<meta property=\"og:locale\" content=\"it_IT\" \/>\n<meta property=\"og:type\" content=\"article\" \/>\n<meta property=\"og:title\" content=\"Home - explorafly\" \/>\n<meta property=\"og:description\" content=\"Stay in the Loop Latest Posts Latest in Tech Stay on top of the key developments shaping the future of technology. Our team curates the most relevant and impactful news in the industry every day, analyzing their transformative potential and the opportunities they may create.\" \/>\n<meta property=\"og:url\" content=\"https:\/\/explorafly.com\/it\/\" \/>\n<meta property=\"og:site_name\" content=\"explorafly\" \/>\n<meta property=\"article:modified_time\" content=\"2025-09-16T17:18:08+00:00\" \/>\n<meta property=\"og:image\" content=\"https:\/\/explorafly.com\/wp-content\/uploads\/sites\/40\/2025\/09\/explorafly2-1-1024x576.jpg\" \/>\n<meta name=\"twitter:card\" content=\"summary_large_image\" \/>\n<meta name=\"twitter:label1\" content=\"Est. reading time\" \/>\n\t<meta name=\"twitter:data1\" content=\"1 minuto\" \/>\n<script type=\"application\/ld+json\" class=\"yoast-schema-graph\">{\"@context\":\"https:\/\/schema.org\",\"@graph\":[{\"@type\":\"WebPage\",\"@id\":\"https:\/\/explorafly.com\/\",\"url\":\"https:\/\/explorafly.com\/\",\"name\":\"Home - explorafly\",\"isPartOf\":{\"@id\":\"https:\/\/explorafly.com\/#website\"},\"primaryImageOfPage\":{\"@id\":\"https:\/\/explorafly.com\/#primaryimage\"},\"image\":{\"@id\":\"https:\/\/explorafly.com\/#primaryimage\"},\"thumbnailUrl\":\"https:\/\/explorafly.com\/wp-content\/uploads\/sites\/40\/2025\/09\/explorafly2-1-1024x576.jpg\",\"datePublished\":\"2025-07-08T16:18:50+00:00\",\"dateModified\":\"2025-09-16T17:18:08+00:00\",\"breadcrumb\":{\"@id\":\"https:\/\/explorafly.com\/#breadcrumb\"},\"inLanguage\":\"it-IT\",\"potentialAction\":[{\"@type\":\"ReadAction\",\"target\":[\"https:\/\/explorafly.com\/\"]}]},{\"@type\":\"ImageObject\",\"inLanguage\":\"it-IT\",\"@id\":\"https:\/\/explorafly.com\/#primaryimage\",\"url\":\"https:\/\/explorafly.com\/wp-content\/uploads\/sites\/40\/2025\/09\/explorafly2-1-1024x576.jpg\",\"contentUrl\":\"https:\/\/explorafly.com\/wp-content\/uploads\/sites\/40\/2025\/09\/explorafly2-1-1024x576.jpg\"},{\"@type\":\"BreadcrumbList\",\"@id\":\"https:\/\/explorafly.com\/#breadcrumb\",\"itemListElement\":[{\"@type\":\"ListItem\",\"position\":1,\"name\":\"Home\",\"item\":\"https:\/\/explorafly.com\/\"},{\"@type\":\"ListItem\",\"position\":2,\"name\":\"Home\"}]},{\"@type\":\"WebSite\",\"@id\":\"https:\/\/explorafly.com\/#website\",\"url\":\"https:\/\/explorafly.com\/\",\"name\":\"explorafly\",\"description\":\"\",\"publisher\":{\"@id\":\"https:\/\/explorafly.com\/#organization\"},\"potentialAction\":[{\"@type\":\"SearchAction\",\"target\":{\"@type\":\"EntryPoint\",\"urlTemplate\":\"https:\/\/explorafly.com\/?s={search_term_string}\"},\"query-input\":\"required name=search_term_string\"}],\"inLanguage\":\"it-IT\"},{\"@type\":\"Organization\",\"@id\":\"https:\/\/explorafly.com\/#organization\",\"name\":\"explorafly\",\"url\":\"https:\/\/explorafly.com\/\",\"logo\":{\"@type\":\"ImageObject\",\"inLanguage\":\"it-IT\",\"@id\":\"https:\/\/explorafly.com\/#\/schema\/logo\/image\/\",\"url\":\"https:\/\/explorafly.com\/wp-content\/uploads\/sites\/40\/2025\/09\/cropped-logo2.jpg\",\"contentUrl\":\"https:\/\/explorafly.com\/wp-content\/uploads\/sites\/40\/2025\/09\/cropped-logo2.jpg\",\"width\":931,\"height\":1080,\"caption\":\"explorafly\"},\"image\":{\"@id\":\"https:\/\/explorafly.com\/#\/schema\/logo\/image\/\"}}]}<\/script>\n<!-- \/ Yoast SEO plugin. -->","yoast_head_json":{"title":"Home - explorafly","robots":{"index":"index","follow":"follow","max-snippet":"max-snippet:-1","max-image-preview":"max-image-preview:large","max-video-preview":"max-video-preview:-1"},"canonical":"https:\/\/explorafly.com\/it\/","og_locale":"it_IT","og_type":"article","og_title":"Home - explorafly","og_description":"Stay in the Loop Latest Posts Latest in Tech Stay on top of the key developments shaping the future of technology. Our team curates the most relevant and impactful news in the industry every day, analyzing their transformative potential and the opportunities they may create.","og_url":"https:\/\/explorafly.com\/it\/","og_site_name":"explorafly","article_modified_time":"2025-09-16T17:18:08+00:00","og_image":[{"url":"https:\/\/explorafly.com\/wp-content\/uploads\/sites\/40\/2025\/09\/explorafly2-1-1024x576.jpg"}],"twitter_card":"summary_large_image","twitter_misc":{"Est. reading time":"1 minuto"},"schema":{"@context":"https:\/\/schema.org","@graph":[{"@type":"WebPage","@id":"https:\/\/explorafly.com\/","url":"https:\/\/explorafly.com\/","name":"Home - explorafly","isPartOf":{"@id":"https:\/\/explorafly.com\/#website"},"primaryImageOfPage":{"@id":"https:\/\/explorafly.com\/#primaryimage"},"image":{"@id":"https:\/\/explorafly.com\/#primaryimage"},"thumbnailUrl":"https:\/\/explorafly.com\/wp-content\/uploads\/sites\/40\/2025\/09\/explorafly2-1-1024x576.jpg","datePublished":"2025-07-08T16:18:50+00:00","dateModified":"2025-09-16T17:18:08+00:00","breadcrumb":{"@id":"https:\/\/explorafly.com\/#breadcrumb"},"inLanguage":"it-IT","potentialAction":[{"@type":"ReadAction","target":["https:\/\/explorafly.com\/"]}]},{"@type":"ImageObject","inLanguage":"it-IT","@id":"https:\/\/explorafly.com\/#primaryimage","url":"https:\/\/explorafly.com\/wp-content\/uploads\/sites\/40\/2025\/09\/explorafly2-1-1024x576.jpg","contentUrl":"https:\/\/explorafly.com\/wp-content\/uploads\/sites\/40\/2025\/09\/explorafly2-1-1024x576.jpg"},{"@type":"BreadcrumbList","@id":"https:\/\/explorafly.com\/#breadcrumb","itemListElement":[{"@type":"ListItem","position":1,"name":"Home","item":"https:\/\/explorafly.com\/"},{"@type":"ListItem","position":2,"name":"Home"}]},{"@type":"WebSite","@id":"https:\/\/explorafly.com\/#website","url":"https:\/\/explorafly.com\/","name":"explorafly","description":"","publisher":{"@id":"https:\/\/explorafly.com\/#organization"},"potentialAction":[{"@type":"SearchAction","target":{"@type":"EntryPoint","urlTemplate":"https:\/\/explorafly.com\/?s={search_term_string}"},"query-input":"required name=search_term_string"}],"inLanguage":"it-IT"},{"@type":"Organization","@id":"https:\/\/explorafly.com\/#organization","name":"explorafly","url":"https:\/\/explorafly.com\/","logo":{"@type":"ImageObject","inLanguage":"it-IT","@id":"https:\/\/explorafly.com\/#\/schema\/logo\/image\/","url":"https:\/\/explorafly.com\/wp-content\/uploads\/sites\/40\/2025\/09\/cropped-logo2.jpg","contentUrl":"https:\/\/explorafly.com\/wp-content\/uploads\/sites\/40\/2025\/09\/cropped-logo2.jpg","width":931,"height":1080,"caption":"explorafly"},"image":{"@id":"https:\/\/explorafly.com\/#\/schema\/logo\/image\/"}}]}},"uagb_featured_image_src":{"full":false,"thumbnail":false,"medium":false,"medium_large":false,"large":false,"1536x1536":false,"2048x2048":false,"trp-custom-language-flag":false},"uagb_author_info":{"display_name":"Bruno Gianni","author_link":"https:\/\/explorafly.com\/it\/author\/bcgianni\/"},"uagb_comment_info":0,"uagb_excerpt":"Stay in the Loop Latest Posts Latest in Tech Stay on top of the key developments shaping the future of technology. Our team curates the most relevant and impactful news in the industry every day, analyzing their transformative potential and the opportunities they may create.","_links":{"self":[{"href":"https:\/\/explorafly.com\/it\/wp-json\/wp\/v2\/pages\/429"}],"collection":[{"href":"https:\/\/explorafly.com\/it\/wp-json\/wp\/v2\/pages"}],"about":[{"href":"https:\/\/explorafly.com\/it\/wp-json\/wp\/v2\/types\/page"}],"author":[{"embeddable":true,"href":"https:\/\/explorafly.com\/it\/wp-json\/wp\/v2\/users\/3"}],"replies":[{"embeddable":true,"href":"https:\/\/explorafly.com\/it\/wp-json\/wp\/v2\/comments?post=429"}],"version-history":[{"count":24,"href":"https:\/\/explorafly.com\/it\/wp-json\/wp\/v2\/pages\/429\/revisions"}],"predecessor-version":[{"id":662,"href":"https:\/\/explorafly.com\/it\/wp-json\/wp\/v2\/pages\/429\/revisions\/662"}],"wp:attachment":[{"href":"https:\/\/explorafly.com\/it\/wp-json\/wp\/v2\/media?parent=429"}],"curies":[{"name":"wp","href":"https:\/\/api.w.org\/{rel}","templated":true}]}}