{"id":448,"date":"2025-07-16T03:17:56","date_gmt":"2025-07-16T03:17:56","guid":{"rendered":"https:\/\/explorafly.com\/?page_id=448"},"modified":"2025-12-15T12:37:35","modified_gmt":"2025-12-15T12:37:35","slug":"about","status":"publish","type":"page","link":"https:\/\/explorafly.com\/it\/about\/","title":{"rendered":"Di"},"content":{"rendered":"<p><strong><br><\/strong><\/p>\n\n\n\n<p>ExploraFly \u00e8 una piattaforma indipendente dedicata a fornire informazioni pertinenti e aggiornate sulle opportunit\u00e0 di lavoro e sulle opzioni di formazione professionale in Germania. Il nostro obiettivo \u00e8 quello di mettere in contatto le persone con risorse pubbliche che supportano lo sviluppo di carriera, senza agire come reclutatori, datori di lavoro o fornitori di formazione. Tutto ci\u00f2 che vedete sul nostro sito web \u00e8 curato da fonti pubbliche, selezionato con cura e presentato con chiarezza.<\/p>\n\n\n\n<p>Comprendiamo gli ostacoli pratici che molte persone incontrano nella ricerca di lavoro o nel perseguimento di opportunit\u00e0 di sviluppo professionale, soprattutto in un Paese strutturato e regolamentato come la Germania. I nostri contenuti sono pensati per eliminare ogni confusione senza semplificare eccessivamente i dettagli essenziali. Non siamo qui per promettere risultati o pubblicizzare servizi. Siamo qui per informare, guidare e chiarire ci\u00f2 che \u00e8 gi\u00e0 disponibile.<\/p>\n\n\n\n<p>Oltre a contenuti incentrati sulla carriera, ExploraFly pubblica anche recensioni e guide pratiche su tecnologia e videogiochi, che trattano strumenti, piattaforme ed esperienze digitali che spesso si intersecano con il lavoro moderno, l&#039;apprendimento e la vita quotidiana. Questi contenuti seguono gli stessi principi editoriali: chiarezza, utilit\u00e0 e indipendenza.<\/p>\n\n\n\n<h2 class=\"wp-block-heading\">Cosa offre ExploraFly<\/h2>\n\n\n\n<p>Il mercato del lavoro tedesco pu\u00f2 sembrare impenetrabile a molti, sia ai locali che ai nuovi arrivati. I requisiti sono spesso molto specifici e le informazioni sono sparse su decine di piattaforme. ExploraFly aiuta a organizzare queste informazioni in un formato pi\u00f9 facile da seguire, soprattutto per gli utenti che navigano in questi processi in inglese.<\/p>\n\n\n\n<p>Ecco cosa troverete sul nostro sito:<\/p>\n\n\n\n<p><strong>Annunci di lavoro selezionati con contesto:<\/strong><\/p>\n\n\n\n<p>Monitoriamo le posizioni aperte in diversi settori, dalla sanit\u00e0 e dall&#039;artigianato alla logistica e all&#039;IT. Ogni annuncio viene esaminato per verificarne la pertinenza e raggruppato per professione, regione o livello di esperienza. Spieghiamo anche come determinati ruoli si inseriscono nel quadro occupazionale tedesco, offrendo un livello di contesto che molti annunci non comprendono.<\/p>\n\n\n\n<p><strong>Panoramica dettagliata di formazione e certificazioni:<\/strong><\/p>\n\n\n\n<p>Che siate interessati a brevi corsi di aggiornamento o a programmi di riqualificazione finanziati dal governo, vi spieghiamo a chi sono rivolti i programmi, come accedervi e cosa aspettarvi. Prestiamo particolare attenzione alle tipologie di titoli di studio comunemente richiesti dai datori di lavoro tedeschi.<\/p>\n\n\n\n<p><strong>Guide sui processi professionali:<\/strong><\/p>\n\n\n\n<p>Il nostro team editoriale sviluppa contenuti originali che spaziano da come strutturare un CV in linea con gli standard di assunzione tedeschi a cosa aspettarsi da un colloquio o da una richiesta per la Carta Blu. L&#039;obiettivo \u00e8 sempre quello di aiutare i lettori ad andare avanti con conoscenze pratiche.<\/p>\n\n\n\n<p><strong>Recensioni di tecnologia e giochi:<\/strong><\/p>\n\n\n\n<p>Pubblichiamo recensioni indipendenti e contenuti informativi su tecnologia e videogiochi, concentrandoci su aspetti pratici: cosa vale la pena dedicare al gioco, come funziona e cosa considerare prima di utilizzare, acquistare o investire in uno strumento, una piattaforma o un&#039;esperienza di gioco. Quando pertinente, trattiamo anche prodotti e tendenze digitali che supportano la produttivit\u00e0, l&#039;apprendimento e l&#039;intrattenimento.<\/p>\n\n\n\n<p>Non classifichiamo, sponsorizziamo o promuoviamo alcuna opportunit\u00e0 specifica. Ogni funzionalit\u00e0 di ExploraFly viene selezionata in base a criteri di pertinenza, chiarezza e disponibilit\u00e0 al pubblico.<\/p>\n\n\n\n<h2 class=\"wp-block-heading\">Ci\u00f2 che non siamo<\/h2>\n\n\n\n<p>\u00c8 importante distinguere tra essere una risorsa ed essere un fornitore. ExploraFly non offre lavoro, non gestisce candidature n\u00e9 opera come servizio di collocamento. Non abbiamo partnership o affiliazioni commerciali con le aziende o gli enti di formazione menzionati sul sito.<\/p>\n\n\n\n<p>Lo stesso vale per la nostra tecnologia e i contenuti dei giochi: non vendiamo prodotti, non rappresentiamo editori e non accettiamo inserzioni a pagamento in cambio di copertura mediatica.<\/p>\n\n\n\n<p>Per questo motivo, chiariamo i seguenti punti:<\/p>\n\n\n\n<p><strong>Gli annunci di lavoro possono cambiare o scomparire senza preavviso:<\/strong><\/p>\n\n\n\n<p>Tutte le offerte di lavoro pubblicate su ExploraFly provengono da piattaforme esterne. Se un annuncio viene rimosso, completato o modificato, non ne verremo informati. Gli utenti sono tenuti a verificare sempre i dettagli tramite la fonte originale prima di intraprendere ulteriori azioni.<\/p>\n\n\n\n<p><strong>Non influenziamo le decisioni di assunzione:<\/strong><\/p>\n\n\n\n<p>Il nostro ruolo si limita a fornire informazioni. Non comunichiamo con i datori di lavoro, non raccogliamo dati sui candidati e non facilitiamo i colloqui.<\/p>\n\n\n\n<p><strong>La disponibilit\u00e0 dei corsi e della formazione non \u00e8 garantita:<\/strong><\/p>\n\n\n\n<p>Sebbene ci impegniamo a descrivere ogni opzione in modo accurato, le decisioni finali in merito all&#039;iscrizione, ai prezzi, ai prerequisiti e alle modifiche al programma sono a completa discrezione del fornitore di formazione o dell&#039;istituto coinvolto.<\/p>\n\n\n\n<p><strong>Incoraggiamo la verifica in ogni fase:<\/strong><\/p>\n\n\n\n<p>Ogni post include un riferimento alla fonte o alla piattaforma originale. Consigliamo vivamente di confermare qualsiasi offerta o richiesta direttamente con la fonte prima di impegnarsi in una procedura o inviare informazioni sensibili.<\/p>\n\n\n\n<p>Apprezziamo la vostra fiducia e ci impegniamo a mantenerla attraverso la chiarezza, non con le promesse.<\/p>\n\n\n\n<p><br><\/p>\n\n\n\n<h2 class=\"wp-block-heading\">Il nostro focus: accessibilit\u00e0, accuratezza e indipendenza<\/h2>\n\n\n\n<p>ExploraFly nasce per rendere le informazioni complesse pi\u00f9 comprensibili senza sminuirne l&#039;importanza. Che tu sia un neolaureato, un lavoratore qualificato o qualcuno che sta ricominciando la propria carriera, crediamo che le informazioni pratiche non debbano essere nascoste dietro termini tecnici o sparse in sistemi disconnessi.<\/p>\n\n\n\n<p>Il nostro approccio \u00e8 guidato da tre principi:<\/p>\n\n\n\n<p><strong>Accessibilit\u00e0:<\/strong><\/p>\n\n\n\n<p>Scriviamo in un linguaggio chiaro e preciso per lettori che potrebbero non avere familiarit\u00e0 con la burocrazia tedesca, ma che devono comunque muoversi al suo interno. Che si tratti di decifrare codici di lavoro o spiegare i voucher formativi, colmiamo il divario tra policy e usabilit\u00e0.<\/p>\n\n\n\n<p><strong>Precisione:<\/strong><\/p>\n\n\n\n<p>Sebbene non possiamo garantire aggiornamenti in tempo reale per ogni annuncio, verifichiamo l&#039;accuratezza di tutti i contenuti prima della pubblicazione. Ove pertinente, includiamo date di pubblicazione e fonti originali per aiutare gli utenti a valutare l&#039;attualit\u00e0 delle informazioni.<\/p>\n\n\n\n<p><strong>Indipendenza:<\/strong><\/p>\n\n\n\n<p>Non accettiamo pagamenti per promuovere lavori, corsi, servizi, prodotti o contenuti correlati ai giochi. Le nostre scelte editoriali si basano sulla pertinenza e l&#039;utilit\u00e0 per i nostri lettori, non su interessi commerciali o influenze esterne.<\/p>\n\n\n\n<p>Adottiamo un approccio non promozionale in tutti i nostri contenuti. Non troverete linguaggio esagerato o promesse di successo. Troverete informazioni che vi aiuteranno a fare scelte migliori in base ai vostri obiettivi e alla vostra situazione.<\/p>\n\n\n\n<h2 class=\"wp-block-heading\">Uno strumento pratico per un mercato reale e una vita digitale pi\u00f9 intelligente<\/h2>\n\n\n\n<p>Il panorama professionale tedesco \u00e8 ricco di potenziale, ma anche di procedure complesse. Per molti, la parte pi\u00f9 difficile \u00e8 sapere da dove cominciare. Noi di ExploraFly raccogliamo ci\u00f2 che \u00e8 gi\u00e0 pubblico e lo rendiamo pi\u00f9 facile da comprendere, in modo che gli utenti possano concentrarsi meno sulla ricerca e pi\u00f9 sulla candidatura, l&#039;apprendimento e la crescita professionale.<\/p>\n\n\n\n<p>E poich\u00e9 lavoro e apprendimento dipendono sempre pi\u00f9 dal mondo digitale, pubblichiamo anche contenuti che vanno oltre la carriera, in particolare recensioni e guide su tecnologia e videogiochi. Da strumenti e piattaforme utili a esperienze di gioco che meritano il vostro tempo, aiutiamo i lettori a fare scelte pi\u00f9 consapevoli, con la stessa attenzione a chiarezza, contesto e indipendenza.<\/p>\n\n\n\n<p>Qui non troverete scorciatoie, solo un impegno ad aiutarvi a orientarvi in un sistema gi\u00e0 complesso con una migliore visibilit\u00e0. Se una guida vi aiuta a strutturare la vostra prossima candidatura, a identificare la qualifica giusta per un cambio di carriera o anche a scegliere la tecnologia o l&#039;esperienza di gioco pi\u00f9 adatta ai vostri obiettivi e alla vostra routine, allora abbiamo fatto la nostra parte.<\/p>\n\n\n\n<p>Se desideri suggerire argomenti, correggere un dettaglio o porre una domanda, apprezziamo il tuo feedback. Consideriamo questa piattaforma uno spazio in continua evoluzione, plasmato dalle esigenze di chi la utilizza.<\/p>","protected":false},"excerpt":{"rendered":"<p>ExploraFly \u00e8 una piattaforma indipendente dedicata a fornire informazioni pertinenti e aggiornate sulle opportunit\u00e0 di lavoro e sulle opzioni di formazione professionale in Germania. Il nostro obiettivo \u00e8 quello di mettere in contatto le persone con risorse pubbliche che supportano lo sviluppo di carriera, senza agire come reclutatori, datori di lavoro o fornitori di formazione. Tutto ci\u00f2 che vedete sul nostro sito web \u00e8 curato da fonti accessibili al pubblico, selezionate con [\u2026]<\/p>","protected":false},"author":40,"featured_media":0,"parent":0,"menu_order":0,"comment_status":"closed","ping_status":"closed","template":"","meta":{"_uag_custom_page_level_css":"","site-sidebar-layout":"default","site-content-layout":"","ast-site-content-layout":"default","site-content-style":"default","site-sidebar-style":"default","ast-global-header-display":"","ast-banner-title-visibility":"","ast-main-header-display":"","ast-hfb-above-header-display":"","ast-hfb-below-header-display":"","ast-hfb-mobile-header-display":"","site-post-title":"","ast-breadcrumbs-content":"","ast-featured-img":"","footer-sml-layout":"","theme-transparent-header-meta":"","adv-header-id-meta":"","stick-header-meta":"","header-above-stick-meta":"","header-main-stick-meta":"","header-below-stick-meta":"","astra-migrate-meta-layouts":"set","ast-page-background-enabled":"default","ast-page-background-meta":{"desktop":{"background-color":"var(--ast-global-color-4)","background-image":"","background-repeat":"repeat","background-position":"center center","background-size":"auto","background-attachment":"scroll","background-type":"","background-media":"","overlay-type":"","overlay-color":"","overlay-opacity":"","overlay-gradient":""},"tablet":{"background-color":"","background-image":"","background-repeat":"repeat","background-position":"center center","background-size":"auto","background-attachment":"scroll","background-type":"","background-media":"","overlay-type":"","overlay-color":"","overlay-opacity":"","overlay-gradient":""},"mobile":{"background-color":"","background-image":"","background-repeat":"repeat","background-position":"center center","background-size":"auto","background-attachment":"scroll","background-type":"","background-media":"","overlay-type":"","overlay-color":"","overlay-opacity":"","overlay-gradient":""}},"ast-content-background-meta":{"desktop":{"background-color":"var(--ast-global-color-5)","background-image":"","background-repeat":"repeat","background-position":"center center","background-size":"auto","background-attachment":"scroll","background-type":"","background-media":"","overlay-type":"","overlay-color":"","overlay-opacity":"","overlay-gradient":""},"tablet":{"background-color":"var(--ast-global-color-5)","background-image":"","background-repeat":"repeat","background-position":"center center","background-size":"auto","background-attachment":"scroll","background-type":"","background-media":"","overlay-type":"","overlay-color":"","overlay-opacity":"","overlay-gradient":""},"mobile":{"background-color":"var(--ast-global-color-5)","background-image":"","background-repeat":"repeat","background-position":"center center","background-size":"auto","background-attachment":"scroll","background-type":"","background-media":"","overlay-type":"","overlay-color":"","overlay-opacity":"","overlay-gradient":""}},"footnotes":""},"yoast_head":"<!-- This site is optimized with the Yoast SEO plugin v23.3 - https:\/\/yoast.com\/wordpress\/plugins\/seo\/ -->\n<title>About - explorafly<\/title>\n<meta name=\"robots\" content=\"index, follow, max-snippet:-1, max-image-preview:large, max-video-preview:-1\" \/>\n<link rel=\"canonical\" href=\"https:\/\/explorafly.com\/it\/about\/\" \/>\n<meta property=\"og:locale\" content=\"it_IT\" \/>\n<meta property=\"og:type\" content=\"article\" \/>\n<meta property=\"og:title\" content=\"About - explorafly\" \/>\n<meta property=\"og:description\" content=\"ExploraFly is an independent platform dedicated to providing relevant, up-to-date information about employment opportunities and professional training options in Germany. We aim to connect individuals with public resources that support career development, without acting as a recruiter, employer, or training provider. Everything you see on our website is curated from publicly available sources, selected with [&hellip;]\" \/>\n<meta property=\"og:url\" content=\"https:\/\/explorafly.com\/it\/about\/\" \/>\n<meta property=\"og:site_name\" content=\"explorafly\" \/>\n<meta property=\"article:modified_time\" content=\"2025-12-15T12:37:35+00:00\" \/>\n<meta name=\"twitter:card\" content=\"summary_large_image\" \/>\n<meta name=\"twitter:label1\" content=\"Est. reading time\" \/>\n\t<meta name=\"twitter:data1\" content=\"5 minuti\" \/>\n<script type=\"application\/ld+json\" class=\"yoast-schema-graph\">{\"@context\":\"https:\/\/schema.org\",\"@graph\":[{\"@type\":\"WebPage\",\"@id\":\"https:\/\/explorafly.com\/about\/\",\"url\":\"https:\/\/explorafly.com\/about\/\",\"name\":\"About - explorafly\",\"isPartOf\":{\"@id\":\"https:\/\/explorafly.com\/#website\"},\"datePublished\":\"2025-07-16T03:17:56+00:00\",\"dateModified\":\"2025-12-15T12:37:35+00:00\",\"breadcrumb\":{\"@id\":\"https:\/\/explorafly.com\/about\/#breadcrumb\"},\"inLanguage\":\"it-IT\",\"potentialAction\":[{\"@type\":\"ReadAction\",\"target\":[\"https:\/\/explorafly.com\/about\/\"]}]},{\"@type\":\"BreadcrumbList\",\"@id\":\"https:\/\/explorafly.com\/about\/#breadcrumb\",\"itemListElement\":[{\"@type\":\"ListItem\",\"position\":1,\"name\":\"Home\",\"item\":\"https:\/\/explorafly.com\/\"},{\"@type\":\"ListItem\",\"position\":2,\"name\":\"About\"}]},{\"@type\":\"WebSite\",\"@id\":\"https:\/\/explorafly.com\/#website\",\"url\":\"https:\/\/explorafly.com\/\",\"name\":\"explorafly\",\"description\":\"\",\"publisher\":{\"@id\":\"https:\/\/explorafly.com\/#organization\"},\"potentialAction\":[{\"@type\":\"SearchAction\",\"target\":{\"@type\":\"EntryPoint\",\"urlTemplate\":\"https:\/\/explorafly.com\/?s={search_term_string}\"},\"query-input\":\"required name=search_term_string\"}],\"inLanguage\":\"it-IT\"},{\"@type\":\"Organization\",\"@id\":\"https:\/\/explorafly.com\/#organization\",\"name\":\"explorafly\",\"url\":\"https:\/\/explorafly.com\/\",\"logo\":{\"@type\":\"ImageObject\",\"inLanguage\":\"it-IT\",\"@id\":\"https:\/\/explorafly.com\/#\/schema\/logo\/image\/\",\"url\":\"https:\/\/explorafly.com\/wp-content\/uploads\/sites\/40\/2025\/09\/cropped-logo2.jpg\",\"contentUrl\":\"https:\/\/explorafly.com\/wp-content\/uploads\/sites\/40\/2025\/09\/cropped-logo2.jpg\",\"width\":931,\"height\":1080,\"caption\":\"explorafly\"},\"image\":{\"@id\":\"https:\/\/explorafly.com\/#\/schema\/logo\/image\/\"}}]}<\/script>\n<!-- \/ Yoast SEO plugin. -->","yoast_head_json":{"title":"About - explorafly","robots":{"index":"index","follow":"follow","max-snippet":"max-snippet:-1","max-image-preview":"max-image-preview:large","max-video-preview":"max-video-preview:-1"},"canonical":"https:\/\/explorafly.com\/it\/about\/","og_locale":"it_IT","og_type":"article","og_title":"About - explorafly","og_description":"ExploraFly is an independent platform dedicated to providing relevant, up-to-date information about employment opportunities and professional training options in Germany. We aim to connect individuals with public resources that support career development, without acting as a recruiter, employer, or training provider. Everything you see on our website is curated from publicly available sources, selected with [&hellip;]","og_url":"https:\/\/explorafly.com\/it\/about\/","og_site_name":"explorafly","article_modified_time":"2025-12-15T12:37:35+00:00","twitter_card":"summary_large_image","twitter_misc":{"Est. reading time":"5 minuti"},"schema":{"@context":"https:\/\/schema.org","@graph":[{"@type":"WebPage","@id":"https:\/\/explorafly.com\/about\/","url":"https:\/\/explorafly.com\/about\/","name":"About - explorafly","isPartOf":{"@id":"https:\/\/explorafly.com\/#website"},"datePublished":"2025-07-16T03:17:56+00:00","dateModified":"2025-12-15T12:37:35+00:00","breadcrumb":{"@id":"https:\/\/explorafly.com\/about\/#breadcrumb"},"inLanguage":"it-IT","potentialAction":[{"@type":"ReadAction","target":["https:\/\/explorafly.com\/about\/"]}]},{"@type":"BreadcrumbList","@id":"https:\/\/explorafly.com\/about\/#breadcrumb","itemListElement":[{"@type":"ListItem","position":1,"name":"Home","item":"https:\/\/explorafly.com\/"},{"@type":"ListItem","position":2,"name":"About"}]},{"@type":"WebSite","@id":"https:\/\/explorafly.com\/#website","url":"https:\/\/explorafly.com\/","name":"explorafly","description":"","publisher":{"@id":"https:\/\/explorafly.com\/#organization"},"potentialAction":[{"@type":"SearchAction","target":{"@type":"EntryPoint","urlTemplate":"https:\/\/explorafly.com\/?s={search_term_string}"},"query-input":"required name=search_term_string"}],"inLanguage":"it-IT"},{"@type":"Organization","@id":"https:\/\/explorafly.com\/#organization","name":"explorafly","url":"https:\/\/explorafly.com\/","logo":{"@type":"ImageObject","inLanguage":"it-IT","@id":"https:\/\/explorafly.com\/#\/schema\/logo\/image\/","url":"https:\/\/explorafly.com\/wp-content\/uploads\/sites\/40\/2025\/09\/cropped-logo2.jpg","contentUrl":"https:\/\/explorafly.com\/wp-content\/uploads\/sites\/40\/2025\/09\/cropped-logo2.jpg","width":931,"height":1080,"caption":"explorafly"},"image":{"@id":"https:\/\/explorafly.com\/#\/schema\/logo\/image\/"}}]}},"uagb_featured_image_src":{"full":false,"thumbnail":false,"medium":false,"medium_large":false,"large":false,"1536x1536":false,"2048x2048":false,"trp-custom-language-flag":false},"uagb_author_info":{"display_name":"pontesingrid25","author_link":"https:\/\/explorafly.com\/it\/author\/pontesingrid25\/"},"uagb_comment_info":0,"uagb_excerpt":"ExploraFly is an independent platform dedicated to providing relevant, up-to-date information about employment opportunities and professional training options in Germany. We aim to connect individuals with public resources that support career development, without acting as a recruiter, employer, or training provider. Everything you see on our website is curated from publicly available sources, selected with&hellip;","_links":{"self":[{"href":"https:\/\/explorafly.com\/it\/wp-json\/wp\/v2\/pages\/448"}],"collection":[{"href":"https:\/\/explorafly.com\/it\/wp-json\/wp\/v2\/pages"}],"about":[{"href":"https:\/\/explorafly.com\/it\/wp-json\/wp\/v2\/types\/page"}],"author":[{"embeddable":true,"href":"https:\/\/explorafly.com\/it\/wp-json\/wp\/v2\/users\/40"}],"replies":[{"embeddable":true,"href":"https:\/\/explorafly.com\/it\/wp-json\/wp\/v2\/comments?post=448"}],"version-history":[{"count":4,"href":"https:\/\/explorafly.com\/it\/wp-json\/wp\/v2\/pages\/448\/revisions"}],"predecessor-version":[{"id":2539,"href":"https:\/\/explorafly.com\/it\/wp-json\/wp\/v2\/pages\/448\/revisions\/2539"}],"wp:attachment":[{"href":"https:\/\/explorafly.com\/it\/wp-json\/wp\/v2\/media?parent=448"}],"curies":[{"name":"wp","href":"https:\/\/api.w.org\/{rel}","templated":true}]}}