{"id":448,"date":"2025-07-16T03:17:56","date_gmt":"2025-07-16T03:17:56","guid":{"rendered":"https:\/\/explorafly.com\/?page_id=448"},"modified":"2025-12-15T12:37:35","modified_gmt":"2025-12-15T12:37:35","slug":"about","status":"publish","type":"page","link":"https:\/\/explorafly.com\/pl\/about\/","title":{"rendered":"O"},"content":{"rendered":"<p><strong><br><\/strong><\/p>\n\n\n\n<p>ExploraFly to niezale\u017cna platforma, kt\u00f3rej celem jest dostarczanie istotnych i aktualnych informacji o mo\u017cliwo\u015bciach zatrudnienia i szkoleniach zawodowych w Niemczech. Naszym celem jest \u0142\u0105czenie os\u00f3b z publicznymi zasobami wspieraj\u0105cymi rozw\u00f3j kariery, bez wyst\u0119powania w roli rekrutera, pracodawcy ani organizatora szkole\u0144. Wszystkie informacje, kt\u00f3re widzisz na naszej stronie internetowej, pochodz\u0105 z publicznie dost\u0119pnych \u017ar\u00f3de\u0142, s\u0105 starannie dobierane i prezentowane w przejrzysty spos\u00f3b.<\/p>\n\n\n\n<p>Rozumiemy praktyczne przeszkody, z jakimi boryka si\u0119 wiele os\u00f3b poszukuj\u0105cych pracy lub rozwijaj\u0105cych umiej\u0119tno\u015bci \u2013 zw\u0142aszcza w kraju tak ustrukturyzowanym i regulowanym jak Niemcy. Nasze tre\u015bci maj\u0105 na celu rozwianie w\u0105tpliwo\u015bci, bez nadmiernego upraszczania istotnych szczeg\u00f3\u0142\u00f3w. Nie obiecujemy rezultat\u00f3w ani nie reklamujemy us\u0142ug. Jeste\u015bmy tu po to, aby informowa\u0107, doradza\u0107 i wyja\u015bnia\u0107 to, co ju\u017c istnieje.<\/p>\n\n\n\n<p>Opr\u00f3cz tre\u015bci po\u015bwi\u0119conych karierze, ExploraFly publikuje r\u00f3wnie\u017c recenzje i praktyczne poradniki zwi\u0105zane z technologi\u0105 i grami \u2013 obejmuj\u0105ce narz\u0119dzia, platformy i do\u015bwiadczenia cyfrowe, kt\u00f3re cz\u0119sto stykaj\u0105 si\u0119 ze wsp\u00f3\u0142czesn\u0105 prac\u0105, nauk\u0105 i \u017cyciem codziennym. Tre\u015bci te s\u0105 zgodne z tymi samymi zasadami redakcyjnymi: przejrzysto\u015bci\u0105, u\u017cyteczno\u015bci\u0105 i niezale\u017cno\u015bci\u0105.<\/p>\n\n\n\n<h2 class=\"wp-block-heading\">Co oferuje ExploraFly<\/h2>\n\n\n\n<p>Niemiecki rynek pracy mo\u017ce wydawa\u0107 si\u0119 trudny do przebycia dla wielu os\u00f3b \u2013 zar\u00f3wno miejscowych, jak i nowo przyby\u0142ych. Wymagania s\u0105 cz\u0119sto bardzo szczeg\u00f3\u0142owe, a informacje rozproszone na dziesi\u0105tkach platform. ExploraFly pomaga uporz\u0105dkowa\u0107 te informacje w formacie \u0142atwiejszym do zrozumienia, zw\u0142aszcza dla u\u017cytkownik\u00f3w poruszaj\u0105cych si\u0119 po tych procesach w j\u0119zyku angielskim.<\/p>\n\n\n\n<p>Oto co znajdziesz na naszej stronie:<\/p>\n\n\n\n<p><strong>Wyselekcjonowane oferty pracy z kontekstem:<\/strong><\/p>\n\n\n\n<p>Monitorujemy wolne stanowiska w wielu sektorach, od opieki zdrowotnej i rzemios\u0142a, po logistyk\u0119 i IT. Ka\u017cde og\u0142oszenie jest weryfikowane pod k\u0105tem trafno\u015bci i grupowane wed\u0142ug zawodu, regionu lub poziomu do\u015bwiadczenia. Wyja\u015bniamy r\u00f3wnie\u017c, jak poszczeg\u00f3lne stanowiska funkcjonuj\u0105 w niemieckim systemie zatrudnienia, oferuj\u0105c kontekst, kt\u00f3rego brakuje wielu og\u0142oszeniom.<\/p>\n\n\n\n<p><strong>Szczeg\u00f3\u0142owy przegl\u0105d szkole\u0144 i certyfikat\u00f3w:<\/strong><\/p>\n\n\n\n<p>Niezale\u017cnie od tego, czy interesuj\u0105 Ci\u0119 kr\u00f3tkie kursy podnosz\u0105ce kwalifikacje, czy wspierane przez rz\u0105d programy przekwalifikowania, wyja\u015bniamy, dla kogo s\u0105 przeznaczone, jak do nich dotrze\u0107 i czego si\u0119 spodziewa\u0107. Zwracamy szczeg\u00f3ln\u0105 uwag\u0119 na rodzaje kwalifikacji najcz\u0119\u015bciej wymaganych przez niemieckich pracodawc\u00f3w.<\/p>\n\n\n\n<p><strong>Przewodniki po procesach zawodowych:<\/strong><\/p>\n\n\n\n<p>Nasz zesp\u00f3\u0142 redakcyjny tworzy oryginalne tre\u015bci obejmuj\u0105ce wszystko \u2013 od tego, jak skonstruowa\u0107 CV zgodnie z niemieckimi standardami zatrudnienia, po to, czego mo\u017cna si\u0119 spodziewa\u0107 podczas rozmowy kwalifikacyjnej lub ubiegania si\u0119 o Niebiesk\u0105 Kart\u0119. Zawsze koncentrujemy si\u0119 na tym, aby pom\u00f3c czytelnikom w zdobywaniu praktycznej wiedzy.<\/p>\n\n\n\n<p><strong>Recenzje technologii i gier:<\/strong><\/p>\n\n\n\n<p>Publikujemy niezale\u017cne recenzje i tre\u015bci informacyjne na temat technologii i gier, koncentruj\u0105c si\u0119 na praktycznych aspektach \u2013 na tym, co jest warte Twojego czasu, jak dzia\u0142aj\u0105 rzeczy i co warto rozwa\u017cy\u0107 przed u\u017cyciem, zakupem lub zainwestowaniem wysi\u0142ku w narz\u0119dzie, platform\u0119 lub rozgrywk\u0119. W stosownych przypadkach omawiamy r\u00f3wnie\u017c produkty cyfrowe i trendy, kt\u00f3re wspieraj\u0105 produktywno\u015b\u0107, nauk\u0119 i rozrywk\u0119.<\/p>\n\n\n\n<p>Nie oceniamy, nie sponsorujemy ani nie promujemy \u017cadnej konkretnej okazji. Ka\u017cda funkcja w ExploraFly jest wybierana na podstawie trafno\u015bci, przejrzysto\u015bci i dost\u0119pno\u015bci publicznej.<\/p>\n\n\n\n<h2 class=\"wp-block-heading\">Czym nie jeste\u015bmy<\/h2>\n\n\n\n<p>Wa\u017cne jest rozr\u00f3\u017cnienie mi\u0119dzy byciem \u017ar\u00f3d\u0142em informacji a byciem dostawc\u0105. ExploraFly nie oferuje pracy, nie zarz\u0105dza aplikacjami ani nie dzia\u0142a jako serwis po\u015brednictwa pracy. Nie mamy \u017cadnych partnerstw ani powi\u0105za\u0144 komercyjnych z firmami ani instytucjami szkoleniowymi wymienionymi na stronie.<\/p>\n\n\n\n<p>To samo dotyczy naszej technologii i zawarto\u015bci gier: nie sprzedajemy produkt\u00f3w, nie reprezentujemy wydawc\u00f3w ani nie akceptujemy p\u0142atnych og\u0142osze\u0144 w zamian za relacje.<\/p>\n\n\n\n<p>Z tego wzgl\u0119du pragniemy wyja\u015bni\u0107 nast\u0119puj\u0105ce kwestie:<\/p>\n\n\n\n<p><strong>Oferty pracy mog\u0105 ulec zmianie lub znikn\u0105\u0107 bez powiadomienia:<\/strong><\/p>\n\n\n\n<p>Wszystkie oferty pracy prezentowane na ExploraFly pochodz\u0105 z platform zewn\u0119trznych. Je\u015bli oferta zostanie usuni\u0119ta, obsadzona lub zmieniona, nie zostaniemy o tym powiadomieni. U\u017cytkownicy powinni zawsze weryfikowa\u0107 dane u pierwotnego \u017ar\u00f3d\u0142a przed podj\u0119ciem dalszych dzia\u0142a\u0144.<\/p>\n\n\n\n<p><strong>Nie mamy wp\u0142ywu na decyzje dotycz\u0105ce zatrudnienia:<\/strong><\/p>\n\n\n\n<p>Nasza rola ko\u0144czy si\u0119 na dostarczaniu informacji. Nie komunikujemy si\u0119 z pracodawcami, nie gromadzimy danych kandydat\u00f3w ani nie u\u0142atwiamy przeprowadzania rozm\u00f3w kwalifikacyjnych.<\/p>\n\n\n\n<p><strong>Dost\u0119pno\u015b\u0107 kurs\u00f3w i szkole\u0144 nie jest gwarantowana:<\/strong><\/p>\n\n\n\n<p>Cho\u0107 staramy si\u0119 dok\u0142adnie opisa\u0107 ka\u017cd\u0105 opcj\u0119, ostateczne decyzje dotycz\u0105ce zapis\u00f3w, cen, wymaga\u0144 wst\u0119pnych i zmian w programie zale\u017c\u0105 wy\u0142\u0105cznie od dostawcy szkole\u0144 lub zaanga\u017cowanej instytucji.<\/p>\n\n\n\n<p><strong>Zach\u0119camy do weryfikacji na ka\u017cdym kroku:<\/strong><\/p>\n\n\n\n<p>Ka\u017cdy post zawiera odniesienie do oryginalnego \u017ar\u00f3d\u0142a lub platformy. Zdecydowanie zalecamy potwierdzenie ka\u017cdej oferty lub wymagania bezpo\u015brednio u tego \u017ar\u00f3d\u0142a przed zaanga\u017cowaniem si\u0119 w proces lub przes\u0142aniem poufnych informacji.<\/p>\n\n\n\n<p>Cenimy Pa\u0144stwa zaufanie i zale\u017cy nam na jego utrzymaniu poprzez jasno\u015b\u0107 informacji, a nie obietnice.<\/p>\n\n\n\n<p><br><\/p>\n\n\n\n<h2 class=\"wp-block-heading\">Nasze cele: dost\u0119pno\u015b\u0107, dok\u0142adno\u015b\u0107 i niezale\u017cno\u015b\u0107<\/h2>\n\n\n\n<p>ExploraFly ma na celu u\u0142atwienie zrozumienia z\u0142o\u017conych informacji bez umniejszania ich znaczenia. Niezale\u017cnie od tego, czy jeste\u015b \u015bwie\u017co upieczonym absolwentem, wykwalifikowanym pracownikiem, czy osob\u0105 rozpoczynaj\u0105c\u0105 karier\u0119 zawodow\u0105, wierzymy, \u017ce praktyczne informacje nie powinny by\u0107 ukryte za \u017cargonem ani rozproszone w rozproszonych systemach.<\/p>\n\n\n\n<p>Nasze podej\u015bcie opiera si\u0119 na trzech zasadach:<\/p>\n\n\n\n<p><strong>Dost\u0119pno\u015b\u0107:<\/strong><\/p>\n\n\n\n<p>Piszemy jasnym, precyzyjnym j\u0119zykiem dla czytelnik\u00f3w, kt\u00f3rzy mog\u0105 nie zna\u0107 niemieckiej biurokracji, ale nadal musz\u0105 si\u0119 w niej porusza\u0107. Niezale\u017cnie od tego, czy chodzi o rozszyfrowywanie kod\u00f3w stanowisk, czy obja\u015bnianie bon\u00f3w szkoleniowych, \u0142\u0105czymy polityk\u0119 z u\u017cyteczno\u015bci\u0105.<\/p>\n\n\n\n<p><strong>Dok\u0142adno\u015b\u0107:<\/strong><\/p>\n\n\n\n<p>Chocia\u017c nie mo\u017cemy zagwarantowa\u0107 aktualizacji w czasie rzeczywistym dla ka\u017cdego wpisu, przed publikacj\u0105 weryfikujemy wszystkie tre\u015bci pod k\u0105tem dok\u0142adno\u015bci. W stosownych przypadkach podajemy daty publikacji i oryginalne \u017ar\u00f3d\u0142a, aby pom\u00f3c u\u017cytkownikom oceni\u0107 aktualno\u015b\u0107 informacji.<\/p>\n\n\n\n<p><strong>Niezale\u017cno\u015b\u0107:<\/strong><\/p>\n\n\n\n<p>Nie przyjmujemy p\u0142atno\u015bci za prezentowanie ofert pracy, kurs\u00f3w, us\u0142ug, produkt\u00f3w ani tre\u015bci zwi\u0105zanych z grami. Nasze wybory redakcyjne opieraj\u0105 si\u0119 na trafno\u015bci i u\u017cyteczno\u015bci dla naszych czytelnik\u00f3w, a nie na interesach komercyjnych ani zewn\u0119trznych wp\u0142ywach.<\/p>\n\n\n\n<p>W naszych tre\u015bciach nie stosujemy podej\u015bcia promocyjnego. Nie znajdziesz tu przesadnego j\u0119zyka ani obietnic sukcesu. Znajdziesz informacje, kt\u00f3re pomog\u0105 Ci podejmowa\u0107 lepsze decyzje w oparciu o Twoje cele i sytuacj\u0119.<\/p>\n\n\n\n<h2 class=\"wp-block-heading\">Praktyczne narz\u0119dzie dla prawdziwego rynku i m\u0105drzejszego \u017cycia cyfrowego<\/h2>\n\n\n\n<p>Niemiecki rynek pracy jest pe\u0142en potencja\u0142u, ale i procedur. Dla wielu najtrudniejsze jest ustalenie, od czego zacz\u0105\u0107. W ExploraFly gromadzimy to, co jest ju\u017c publicznie dost\u0119pne i u\u0142atwiamy zrozumienie, aby u\u017cytkownicy mogli skupi\u0107 si\u0119 mniej na wyszukiwaniu, a bardziej na stosowaniu, uczeniu si\u0119 i rozwoju.<\/p>\n\n\n\n<p>A poniewa\u017c praca i nauka w coraz wi\u0119kszym stopniu zale\u017c\u0105 od \u015bwiata cyfrowego, publikujemy r\u00f3wnie\u017c tre\u015bci wykraczaj\u0105ce poza tematyk\u0119 kariery \u2013 zw\u0142aszcza recenzje i poradniki dotycz\u0105ce technologii i gier. Od przydatnych narz\u0119dzi i platform po gry warte Twojego czasu \u2013 pomagamy czytelnikom podejmowa\u0107 bardziej \u015bwiadome decyzje, z tym samym naciskiem na przejrzysto\u015b\u0107, kontekst i niezale\u017cno\u015b\u0107.<\/p>\n\n\n\n<p>Nie znajdziesz tu \u017cadnych skr\u00f3t\u00f3w \u2013 tylko zobowi\u0105zanie do pomocy w poruszaniu si\u0119 po i tak ju\u017c skomplikowanym systemie, zapewniaj\u0105c lepsz\u0105 przejrzysto\u015b\u0107. Je\u015bli przewodnik pomo\u017ce Ci ustrukturyzowa\u0107 Twoj\u0105 kolejn\u0105 aplikacj\u0119 o prac\u0119, zidentyfikowa\u0107 odpowiednie kwalifikacje do zmiany kariery, a nawet wybra\u0107 odpowiednie do\u015bwiadczenie technologiczne lub w grach, kt\u00f3re odpowiadaj\u0105 Twoim celom i nawykom, to znaczy, \u017ce zrobili\u015bmy, co do nas nale\u017ca\u0142o.<\/p>\n\n\n\n<p>Je\u015bli chcesz zaproponowa\u0107 tematy, poprawi\u0107 jaki\u015b szczeg\u00f3\u0142 lub zada\u0107 pytanie, ch\u0119tnie poznamy Twoj\u0105 opini\u0119. Postrzegamy t\u0119 platform\u0119 jako przestrze\u0144 ewoluuj\u0105c\u0105, kszta\u0142towan\u0105 przez potrzeby jej u\u017cytkownik\u00f3w.<\/p>","protected":false},"excerpt":{"rendered":"<p>ExploraFly to niezale\u017cna platforma, kt\u00f3rej celem jest dostarczanie istotnych i aktualnych informacji o mo\u017cliwo\u015bciach zatrudnienia i szkoleniach zawodowych w Niemczech. Naszym celem jest \u0142\u0105czenie os\u00f3b z publicznymi zasobami wspieraj\u0105cymi rozw\u00f3j kariery, bez wyst\u0119powania w roli rekrutera, pracodawcy ani organizatora szkole\u0144. Wszystkie informacje na naszej stronie internetowej pochodz\u0105 z publicznie dost\u0119pnych \u017ar\u00f3de\u0142, a ich selekcja odbywa si\u0119 [\u2026]<\/p>","protected":false},"author":40,"featured_media":0,"parent":0,"menu_order":0,"comment_status":"closed","ping_status":"closed","template":"","meta":{"_uag_custom_page_level_css":"","site-sidebar-layout":"default","site-content-layout":"","ast-site-content-layout":"default","site-content-style":"default","site-sidebar-style":"default","ast-global-header-display":"","ast-banner-title-visibility":"","ast-main-header-display":"","ast-hfb-above-header-display":"","ast-hfb-below-header-display":"","ast-hfb-mobile-header-display":"","site-post-title":"","ast-breadcrumbs-content":"","ast-featured-img":"","footer-sml-layout":"","theme-transparent-header-meta":"","adv-header-id-meta":"","stick-header-meta":"","header-above-stick-meta":"","header-main-stick-meta":"","header-below-stick-meta":"","astra-migrate-meta-layouts":"set","ast-page-background-enabled":"default","ast-page-background-meta":{"desktop":{"background-color":"var(--ast-global-color-4)","background-image":"","background-repeat":"repeat","background-position":"center center","background-size":"auto","background-attachment":"scroll","background-type":"","background-media":"","overlay-type":"","overlay-color":"","overlay-opacity":"","overlay-gradient":""},"tablet":{"background-color":"","background-image":"","background-repeat":"repeat","background-position":"center center","background-size":"auto","background-attachment":"scroll","background-type":"","background-media":"","overlay-type":"","overlay-color":"","overlay-opacity":"","overlay-gradient":""},"mobile":{"background-color":"","background-image":"","background-repeat":"repeat","background-position":"center center","background-size":"auto","background-attachment":"scroll","background-type":"","background-media":"","overlay-type":"","overlay-color":"","overlay-opacity":"","overlay-gradient":""}},"ast-content-background-meta":{"desktop":{"background-color":"var(--ast-global-color-5)","background-image":"","background-repeat":"repeat","background-position":"center center","background-size":"auto","background-attachment":"scroll","background-type":"","background-media":"","overlay-type":"","overlay-color":"","overlay-opacity":"","overlay-gradient":""},"tablet":{"background-color":"var(--ast-global-color-5)","background-image":"","background-repeat":"repeat","background-position":"center center","background-size":"auto","background-attachment":"scroll","background-type":"","background-media":"","overlay-type":"","overlay-color":"","overlay-opacity":"","overlay-gradient":""},"mobile":{"background-color":"var(--ast-global-color-5)","background-image":"","background-repeat":"repeat","background-position":"center center","background-size":"auto","background-attachment":"scroll","background-type":"","background-media":"","overlay-type":"","overlay-color":"","overlay-opacity":"","overlay-gradient":""}},"footnotes":""},"yoast_head":"<!-- This site is optimized with the Yoast SEO plugin v23.3 - https:\/\/yoast.com\/wordpress\/plugins\/seo\/ -->\n<title>About - explorafly<\/title>\n<meta name=\"robots\" content=\"index, follow, max-snippet:-1, max-image-preview:large, max-video-preview:-1\" \/>\n<link rel=\"canonical\" href=\"https:\/\/explorafly.com\/pl\/about\/\" \/>\n<meta property=\"og:locale\" content=\"pl_PL\" \/>\n<meta property=\"og:type\" content=\"article\" \/>\n<meta property=\"og:title\" content=\"About - explorafly\" \/>\n<meta property=\"og:description\" content=\"ExploraFly is an independent platform dedicated to providing relevant, up-to-date information about employment opportunities and professional training options in Germany. We aim to connect individuals with public resources that support career development, without acting as a recruiter, employer, or training provider. Everything you see on our website is curated from publicly available sources, selected with [&hellip;]\" \/>\n<meta property=\"og:url\" content=\"https:\/\/explorafly.com\/pl\/about\/\" \/>\n<meta property=\"og:site_name\" content=\"explorafly\" \/>\n<meta property=\"article:modified_time\" content=\"2025-12-15T12:37:35+00:00\" \/>\n<meta name=\"twitter:card\" content=\"summary_large_image\" \/>\n<meta name=\"twitter:label1\" content=\"Est. reading time\" \/>\n\t<meta name=\"twitter:data1\" content=\"5 minut\" \/>\n<script type=\"application\/ld+json\" class=\"yoast-schema-graph\">{\"@context\":\"https:\/\/schema.org\",\"@graph\":[{\"@type\":\"WebPage\",\"@id\":\"https:\/\/explorafly.com\/about\/\",\"url\":\"https:\/\/explorafly.com\/about\/\",\"name\":\"About - explorafly\",\"isPartOf\":{\"@id\":\"https:\/\/explorafly.com\/#website\"},\"datePublished\":\"2025-07-16T03:17:56+00:00\",\"dateModified\":\"2025-12-15T12:37:35+00:00\",\"breadcrumb\":{\"@id\":\"https:\/\/explorafly.com\/about\/#breadcrumb\"},\"inLanguage\":\"pl-PL\",\"potentialAction\":[{\"@type\":\"ReadAction\",\"target\":[\"https:\/\/explorafly.com\/about\/\"]}]},{\"@type\":\"BreadcrumbList\",\"@id\":\"https:\/\/explorafly.com\/about\/#breadcrumb\",\"itemListElement\":[{\"@type\":\"ListItem\",\"position\":1,\"name\":\"Home\",\"item\":\"https:\/\/explorafly.com\/\"},{\"@type\":\"ListItem\",\"position\":2,\"name\":\"About\"}]},{\"@type\":\"WebSite\",\"@id\":\"https:\/\/explorafly.com\/#website\",\"url\":\"https:\/\/explorafly.com\/\",\"name\":\"explorafly\",\"description\":\"\",\"publisher\":{\"@id\":\"https:\/\/explorafly.com\/#organization\"},\"potentialAction\":[{\"@type\":\"SearchAction\",\"target\":{\"@type\":\"EntryPoint\",\"urlTemplate\":\"https:\/\/explorafly.com\/?s={search_term_string}\"},\"query-input\":\"required name=search_term_string\"}],\"inLanguage\":\"pl-PL\"},{\"@type\":\"Organization\",\"@id\":\"https:\/\/explorafly.com\/#organization\",\"name\":\"explorafly\",\"url\":\"https:\/\/explorafly.com\/\",\"logo\":{\"@type\":\"ImageObject\",\"inLanguage\":\"pl-PL\",\"@id\":\"https:\/\/explorafly.com\/#\/schema\/logo\/image\/\",\"url\":\"https:\/\/explorafly.com\/wp-content\/uploads\/sites\/40\/2025\/09\/cropped-logo2.jpg\",\"contentUrl\":\"https:\/\/explorafly.com\/wp-content\/uploads\/sites\/40\/2025\/09\/cropped-logo2.jpg\",\"width\":931,\"height\":1080,\"caption\":\"explorafly\"},\"image\":{\"@id\":\"https:\/\/explorafly.com\/#\/schema\/logo\/image\/\"}}]}<\/script>\n<!-- \/ Yoast SEO plugin. -->","yoast_head_json":{"title":"About - explorafly","robots":{"index":"index","follow":"follow","max-snippet":"max-snippet:-1","max-image-preview":"max-image-preview:large","max-video-preview":"max-video-preview:-1"},"canonical":"https:\/\/explorafly.com\/pl\/about\/","og_locale":"pl_PL","og_type":"article","og_title":"About - explorafly","og_description":"ExploraFly is an independent platform dedicated to providing relevant, up-to-date information about employment opportunities and professional training options in Germany. We aim to connect individuals with public resources that support career development, without acting as a recruiter, employer, or training provider. Everything you see on our website is curated from publicly available sources, selected with [&hellip;]","og_url":"https:\/\/explorafly.com\/pl\/about\/","og_site_name":"explorafly","article_modified_time":"2025-12-15T12:37:35+00:00","twitter_card":"summary_large_image","twitter_misc":{"Est. reading time":"5 minut"},"schema":{"@context":"https:\/\/schema.org","@graph":[{"@type":"WebPage","@id":"https:\/\/explorafly.com\/about\/","url":"https:\/\/explorafly.com\/about\/","name":"About - explorafly","isPartOf":{"@id":"https:\/\/explorafly.com\/#website"},"datePublished":"2025-07-16T03:17:56+00:00","dateModified":"2025-12-15T12:37:35+00:00","breadcrumb":{"@id":"https:\/\/explorafly.com\/about\/#breadcrumb"},"inLanguage":"pl-PL","potentialAction":[{"@type":"ReadAction","target":["https:\/\/explorafly.com\/about\/"]}]},{"@type":"BreadcrumbList","@id":"https:\/\/explorafly.com\/about\/#breadcrumb","itemListElement":[{"@type":"ListItem","position":1,"name":"Home","item":"https:\/\/explorafly.com\/"},{"@type":"ListItem","position":2,"name":"About"}]},{"@type":"WebSite","@id":"https:\/\/explorafly.com\/#website","url":"https:\/\/explorafly.com\/","name":"explorafly","description":"","publisher":{"@id":"https:\/\/explorafly.com\/#organization"},"potentialAction":[{"@type":"SearchAction","target":{"@type":"EntryPoint","urlTemplate":"https:\/\/explorafly.com\/?s={search_term_string}"},"query-input":"required name=search_term_string"}],"inLanguage":"pl-PL"},{"@type":"Organization","@id":"https:\/\/explorafly.com\/#organization","name":"explorafly","url":"https:\/\/explorafly.com\/","logo":{"@type":"ImageObject","inLanguage":"pl-PL","@id":"https:\/\/explorafly.com\/#\/schema\/logo\/image\/","url":"https:\/\/explorafly.com\/wp-content\/uploads\/sites\/40\/2025\/09\/cropped-logo2.jpg","contentUrl":"https:\/\/explorafly.com\/wp-content\/uploads\/sites\/40\/2025\/09\/cropped-logo2.jpg","width":931,"height":1080,"caption":"explorafly"},"image":{"@id":"https:\/\/explorafly.com\/#\/schema\/logo\/image\/"}}]}},"uagb_featured_image_src":{"full":false,"thumbnail":false,"medium":false,"medium_large":false,"large":false,"1536x1536":false,"2048x2048":false,"trp-custom-language-flag":false},"uagb_author_info":{"display_name":"pontesingrid25","author_link":"https:\/\/explorafly.com\/pl\/author\/pontesingrid25\/"},"uagb_comment_info":0,"uagb_excerpt":"ExploraFly is an independent platform dedicated to providing relevant, up-to-date information about employment opportunities and professional training options in Germany. We aim to connect individuals with public resources that support career development, without acting as a recruiter, employer, or training provider. Everything you see on our website is curated from publicly available sources, selected with&hellip;","_links":{"self":[{"href":"https:\/\/explorafly.com\/pl\/wp-json\/wp\/v2\/pages\/448"}],"collection":[{"href":"https:\/\/explorafly.com\/pl\/wp-json\/wp\/v2\/pages"}],"about":[{"href":"https:\/\/explorafly.com\/pl\/wp-json\/wp\/v2\/types\/page"}],"author":[{"embeddable":true,"href":"https:\/\/explorafly.com\/pl\/wp-json\/wp\/v2\/users\/40"}],"replies":[{"embeddable":true,"href":"https:\/\/explorafly.com\/pl\/wp-json\/wp\/v2\/comments?post=448"}],"version-history":[{"count":4,"href":"https:\/\/explorafly.com\/pl\/wp-json\/wp\/v2\/pages\/448\/revisions"}],"predecessor-version":[{"id":2539,"href":"https:\/\/explorafly.com\/pl\/wp-json\/wp\/v2\/pages\/448\/revisions\/2539"}],"wp:attachment":[{"href":"https:\/\/explorafly.com\/pl\/wp-json\/wp\/v2\/media?parent=448"}],"curies":[{"name":"wp","href":"https:\/\/api.w.org\/{rel}","templated":true}]}}